{"id":1143,"date":"2025-08-05T11:35:15","date_gmt":"2025-08-05T11:35:15","guid":{"rendered":"https:\/\/morphcube.pl\/?page_id=1143"},"modified":"2025-09-29T02:53:29","modified_gmt":"2025-09-29T02:53:29","slug":"refund_returns","status":"publish","type":"page","link":"https:\/\/morphcube.pl\/pl\/refund_returns\/","title":{"rendered":"Polityka zwrot\u00f3w i refundacji"},"content":{"rendered":"<div data-elementor-type=\"wp-page\" data-elementor-id=\"1143\" class=\"elementor elementor-1143\" data-elementor-settings=\"{&quot;element_pack_global_tooltip_width&quot;:{&quot;unit&quot;:&quot;px&quot;,&quot;size&quot;:&quot;&quot;,&quot;sizes&quot;:[]},&quot;element_pack_global_tooltip_width_tablet&quot;:{&quot;unit&quot;:&quot;px&quot;,&quot;size&quot;:&quot;&quot;,&quot;sizes&quot;:[]},&quot;element_pack_global_tooltip_width_mobile&quot;:{&quot;unit&quot;:&quot;px&quot;,&quot;size&quot;:&quot;&quot;,&quot;sizes&quot;:[]},&quot;element_pack_global_tooltip_padding&quot;:{&quot;unit&quot;:&quot;px&quot;,&quot;top&quot;:&quot;&quot;,&quot;right&quot;:&quot;&quot;,&quot;bottom&quot;:&quot;&quot;,&quot;left&quot;:&quot;&quot;,&quot;isLinked&quot;:true},&quot;element_pack_global_tooltip_padding_tablet&quot;:{&quot;unit&quot;:&quot;px&quot;,&quot;top&quot;:&quot;&quot;,&quot;right&quot;:&quot;&quot;,&quot;bottom&quot;:&quot;&quot;,&quot;left&quot;:&quot;&quot;,&quot;isLinked&quot;:true},&quot;element_pack_global_tooltip_padding_mobile&quot;:{&quot;unit&quot;:&quot;px&quot;,&quot;top&quot;:&quot;&quot;,&quot;right&quot;:&quot;&quot;,&quot;bottom&quot;:&quot;&quot;,&quot;left&quot;:&quot;&quot;,&quot;isLinked&quot;:true},&quot;element_pack_global_tooltip_border_radius&quot;:{&quot;unit&quot;:&quot;px&quot;,&quot;top&quot;:&quot;&quot;,&quot;right&quot;:&quot;&quot;,&quot;bottom&quot;:&quot;&quot;,&quot;left&quot;:&quot;&quot;,&quot;isLinked&quot;:true},&quot;element_pack_global_tooltip_border_radius_tablet&quot;:{&quot;unit&quot;:&quot;px&quot;,&quot;top&quot;:&quot;&quot;,&quot;right&quot;:&quot;&quot;,&quot;bottom&quot;:&quot;&quot;,&quot;left&quot;:&quot;&quot;,&quot;isLinked&quot;:true},&quot;element_pack_global_tooltip_border_radius_mobile&quot;:{&quot;unit&quot;:&quot;px&quot;,&quot;top&quot;:&quot;&quot;,&quot;right&quot;:&quot;&quot;,&quot;bottom&quot;:&quot;&quot;,&quot;left&quot;:&quot;&quot;,&quot;isLinked&quot;:true}}\" data-elementor-post-type=\"page\">\n\t\t\t\t<div class=\"elementor-element elementor-element-9a8c0a7 e-flex e-con-boxed e-con e-parent\" data-id=\"9a8c0a7\" data-element_type=\"container\" data-e-type=\"container\">\n\t\t\t\t\t<div class=\"e-con-inner\">\n\t\t\t\t<div class=\"elementor-element elementor-element-2917091a elementor-widget elementor-widget-text-editor\" data-id=\"2917091a\" data-element_type=\"widget\" data-e-type=\"widget\" data-widget_type=\"text-editor.default\">\n\t\t\t\t\t\t\t\t\t\n<h2>Polityka zwrot\u00f3w i refundacji<\/h2>\n<h3>1. Zwroty<\/h3>\n<p>Je\u015bli jeste\u015b konsumentem, masz prawo odst\u0105pi\u0107 od umowy zakupu w ci\u0105gu 14 dni bez podania przyczyny. Dotyczy to wy\u0142\u0105cznie produkt\u00f3w fizycznych.<\/p>\n<h4>2. Jak zwr\u00f3ci\u0107<\/h4>\n<p>Aby zainicjowa\u0107 zwrot, prosimy o kontakt pod adresem e-mail <a href=\"mailto:support@morphcube.com\">support@morphcube.com<\/a> w ci\u0105gu 14 dni od otrzymania towaru. Nast\u0119pnie nale\u017cy zwr\u00f3ci\u0107 towar w ci\u0105gu 14 dni od daty poinformowania nas o tym fakcie.<\/p>\n<h4>3. Adres zwrotny<\/h4>\n<p>Morphcube Sp. z o.o.<br \/>Ul. Smrekowa 26B<br \/>34-500 Zakopane<br \/>Polska<\/p>\n<h4>4. Stan zwracanych przedmiot\u00f3w<\/h4>\n<p>Zwracane produkty musz\u0105 by\u0107 nieu\u017cywane, w oryginalnym stanie i opakowaniu. Zastrzegamy sobie prawo do odliczenia kwoty zwrotu, je\u015bli przedmiot zosta\u0142 uszkodzony lub wykazuje oznaki u\u017cytkowania wykraczaj\u0105ce poza niezb\u0119dn\u0105 obs\u0142ug\u0119.<\/p>\n<h4>5. Koszty wysy\u0142ki<\/h4>\n<p>U\u017cytkownik ponosi koszty zwrotu towaru. Zalecamy korzystanie ze \u015bledzonej lub ubezpieczonej przesy\u0142ki, poniewa\u017c nie ponosimy odpowiedzialno\u015bci za zagubione zwroty.<\/p>\n<h4>6. Zwroty<\/h4>\n<p>Po zatwierdzeniu zwrotu przetworzymy go w ci\u0105gu 14 dni. Zwroty b\u0119d\u0105 dokonywane przelewem bankowym bezpo\u015brednio na konto klienta.<\/p>\n<p>Zwrot zostanie zawsze dokonany w tej samej walucie, co pierwotna p\u0142atno\u015b\u0107:<\/p>\n<ul>\n<li>Je\u015bli zakup zosta\u0142 dokonany w euro (EUR), zwrot zostanie dokonany w euro (EUR).<\/li>\n<li>Je\u015bli zakup zosta\u0142 dokonany w polskich z\u0142otych (PLN), zwrot zostanie dokonany w polskich z\u0142otych (PLN).<\/li>\n<\/ul>\n<p>Zapewnia to bezpieczne przetwarzanie zwrot\u00f3w w tej samej formie i walucie, co pierwotna transakcja.<\/p>\n<h4>7. Wyj\u0105tki<\/h4>\n<p>Prawo do odst\u0105pienia od umowy nie ma zastosowania do cyfrowych plik\u00f3w do pobrania lub produkt\u00f3w spersonalizowanych.<\/p>\n<h4>8. Wz\u00f3r formularza odst\u0105pienia od umowy<\/h4>\n<p>Mo\u017cesz, ale nie musisz korzysta\u0107 z tego formularza: <a href=\"https:\/\/morphcube.pl\/wp-content\/uploads\/2025\/08\/Model_Withdrawal_Form_Morphcube.pdf\" target=\"_blank\" rel=\"noopener\">Pobierz formularz rezygnacji (PDF)<\/a><\/p>\n<hr \/>\n<h2>Polityka zwrot\u00f3w i reklamacji<\/h2>\n<h3>1. Zwroty<\/h3>\n<p>Je\u015bli jeste\u015b konsumentem, przys\u0142uguje Ci prawo do odst\u0105pienia od umowy zakupu w ci\u0105gu 14 dni bez podania przyczyny. Dotyczy to wy\u0142\u0105cznie produkt\u00f3w fizycznych.<\/p>\n<h4>2. Jak dokona\u0107 zwrotu<\/h4>\n<p>Aby rozpocz\u0105\u0107 procedur\u0119 zwrotu, skontaktuj si\u0119 z nami mailowo na adres <a href=\"mailto:support@morphcube.com\">support@morphcube.com<\/a> w ci\u0105gu 14 dni od otrzymania produktu. Nast\u0119pnie masz 14 dni na odes\u0142anie towaru.<\/p>\n<h4>3. Adres do zwrotu<\/h4>\n<p>Morphcube Sp. z o.o.<br \/>Ul. Smrekowa 26B<br \/>34-500 Zakopane<br \/>Polska<\/p>\n<h4>4. Stan zwracanych produkt\u00f3w<\/h4>\n<p>Produkty musz\u0105 by\u0107 nieu\u017cywane, w oryginalnym stanie i opakowaniu. Zastrzegamy sobie prawo do pomniejszenia zwrotu, je\u015bli produkt jest uszkodzony lub nosi \u015blady u\u017cytkowania wykraczaj\u0105ce poza konieczne sprawdzenie.<\/p>\n<h4>5. Koszty wysy\u0142ki<\/h4>\n<p>Koszt odes\u0142ania towaru ponosi kupuj\u0105cy. Zalecamy skorzystanie z przesy\u0142ki rejestrowanej lub ubezpieczonej, poniewa\u017c nie ponosimy odpowiedzialno\u015bci za zwroty zagubione w transporcie.<\/p>\n<h4>6. Zwroty<\/h4>\n<p>Po zatwierdzeniu zwrotu, dokonamy zwrotu \u015brodk\u00f3w w ci\u0105gu 14 dni. Zwroty b\u0119d\u0105 realizowane wy\u0142\u0105cznie w formie przelewu bankowego na konto klienta.<\/p>\n<p>Zwrot zawsze zostanie dokonany w tej samej walucie, w kt\u00f3rej zrealizowano p\u0142atno\u015b\u0107:<\/p>\n<ul>\n<li>Je\u015bli zakup zosta\u0142 op\u0142acony w euro (EUR), zwrot nast\u0105pi w euro (EUR).<\/li>\n<li>Je\u015bli zakup zosta\u0142 op\u0142acony w polskich z\u0142otych (PLN), zwrot nast\u0105pi w polskich z\u0142otych (PLN).<\/li>\n<\/ul>\n<p>Dzi\u0119ki temu zwroty s\u0105 realizowane w bezpieczny spos\u00f3b, w tej samej formie i warto\u015bci, co pierwotna transakcja.<\/p>\n<h4>7. Wyj\u0105tki<\/h4>\n<p>Prawo do odst\u0105pienia nie przys\u0142uguje w przypadku produkt\u00f3w cyfrowych oraz produkt\u00f3w personalizowanych.<\/p>\n<h4>8. Formularz odst\u0105pienia od umowy<\/h4>\n<p>Mo\u017cesz, ale nie musisz, skorzysta\u0107 z gotowego wzoru: <a href=\"https:\/\/morphcube.pl\/wp-content\/uploads\/2025\/08\/Model_Withdrawal_Form_Morphcube.pdf\" target=\"_blank\" rel=\"noopener\">Pobierz wz\u00f3r formularza odst\u0105pienia (PDF)<\/a><\/p>\n\t\t\t\t\t\t\t\t<\/div>\n\t\t\t\t\t<\/div>\n\t\t\t\t<\/div>\n\t\t\t\t<\/div>","protected":false},"excerpt":{"rendered":"<p>Returns &amp; Refunds Policy 1. Returns If you are a consumer, you have the right to withdraw from a purchase contract within [&hellip;]<\/p>\n","protected":false},"author":1,"featured_media":0,"parent":0,"menu_order":0,"comment_status":"closed","ping_status":"closed","template":"","meta":{"footnotes":""},"class_list":["post-1143","page","type-page","status-publish","hentry"],"_links":{"self":[{"href":"https:\/\/morphcube.pl\/pl\/wp-json\/wp\/v2\/pages\/1143","targetHints":{"allow":["GET"]}}],"collection":[{"href":"https:\/\/morphcube.pl\/pl\/wp-json\/wp\/v2\/pages"}],"about":[{"href":"https:\/\/morphcube.pl\/pl\/wp-json\/wp\/v2\/types\/page"}],"author":[{"embeddable":true,"href":"https:\/\/morphcube.pl\/pl\/wp-json\/wp\/v2\/users\/1"}],"replies":[{"embeddable":true,"href":"https:\/\/morphcube.pl\/pl\/wp-json\/wp\/v2\/comments?post=1143"}],"version-history":[{"count":6,"href":"https:\/\/morphcube.pl\/pl\/wp-json\/wp\/v2\/pages\/1143\/revisions"}],"predecessor-version":[{"id":2502,"href":"https:\/\/morphcube.pl\/pl\/wp-json\/wp\/v2\/pages\/1143\/revisions\/2502"}],"wp:attachment":[{"href":"https:\/\/morphcube.pl\/pl\/wp-json\/wp\/v2\/media?parent=1143"}],"curies":[{"name":"wp","href":"https:\/\/api.w.org\/{rel}","templated":true}]}}