{"id":1992,"date":"2025-08-05T12:34:17","date_gmt":"2025-08-05T12:34:17","guid":{"rendered":"https:\/\/morphcube.pl\/?page_id=1992"},"modified":"2025-09-29T03:02:00","modified_gmt":"2025-09-29T03:02:00","slug":"warunki-platnosci","status":"publish","type":"page","link":"https:\/\/morphcube.pl\/pl\/warunki-platnosci\/","title":{"rendered":"Warunki p\u0142atno\u015bci"},"content":{"rendered":"<div data-elementor-type=\"wp-page\" data-elementor-id=\"1992\" class=\"elementor elementor-1992\" data-elementor-settings=\"{&quot;element_pack_global_tooltip_width&quot;:{&quot;unit&quot;:&quot;px&quot;,&quot;size&quot;:&quot;&quot;,&quot;sizes&quot;:[]},&quot;element_pack_global_tooltip_width_tablet&quot;:{&quot;unit&quot;:&quot;px&quot;,&quot;size&quot;:&quot;&quot;,&quot;sizes&quot;:[]},&quot;element_pack_global_tooltip_width_mobile&quot;:{&quot;unit&quot;:&quot;px&quot;,&quot;size&quot;:&quot;&quot;,&quot;sizes&quot;:[]},&quot;element_pack_global_tooltip_padding&quot;:{&quot;unit&quot;:&quot;px&quot;,&quot;top&quot;:&quot;&quot;,&quot;right&quot;:&quot;&quot;,&quot;bottom&quot;:&quot;&quot;,&quot;left&quot;:&quot;&quot;,&quot;isLinked&quot;:true},&quot;element_pack_global_tooltip_padding_tablet&quot;:{&quot;unit&quot;:&quot;px&quot;,&quot;top&quot;:&quot;&quot;,&quot;right&quot;:&quot;&quot;,&quot;bottom&quot;:&quot;&quot;,&quot;left&quot;:&quot;&quot;,&quot;isLinked&quot;:true},&quot;element_pack_global_tooltip_padding_mobile&quot;:{&quot;unit&quot;:&quot;px&quot;,&quot;top&quot;:&quot;&quot;,&quot;right&quot;:&quot;&quot;,&quot;bottom&quot;:&quot;&quot;,&quot;left&quot;:&quot;&quot;,&quot;isLinked&quot;:true},&quot;element_pack_global_tooltip_border_radius&quot;:{&quot;unit&quot;:&quot;px&quot;,&quot;top&quot;:&quot;&quot;,&quot;right&quot;:&quot;&quot;,&quot;bottom&quot;:&quot;&quot;,&quot;left&quot;:&quot;&quot;,&quot;isLinked&quot;:true},&quot;element_pack_global_tooltip_border_radius_tablet&quot;:{&quot;unit&quot;:&quot;px&quot;,&quot;top&quot;:&quot;&quot;,&quot;right&quot;:&quot;&quot;,&quot;bottom&quot;:&quot;&quot;,&quot;left&quot;:&quot;&quot;,&quot;isLinked&quot;:true},&quot;element_pack_global_tooltip_border_radius_mobile&quot;:{&quot;unit&quot;:&quot;px&quot;,&quot;top&quot;:&quot;&quot;,&quot;right&quot;:&quot;&quot;,&quot;bottom&quot;:&quot;&quot;,&quot;left&quot;:&quot;&quot;,&quot;isLinked&quot;:true}}\" data-elementor-post-type=\"page\">\n\t\t\t\t<div class=\"elementor-element elementor-element-2efc2d43 e-flex e-con-boxed e-con e-parent\" data-id=\"2efc2d43\" data-element_type=\"container\" data-e-type=\"container\">\n\t\t\t\t\t<div class=\"e-con-inner\">\n\t\t\t\t<div class=\"elementor-element elementor-element-17d7e2aa elementor-widget elementor-widget-text-editor\" data-id=\"17d7e2aa\" data-element_type=\"widget\" data-e-type=\"widget\" data-widget_type=\"text-editor.default\">\n\t\t\t\t\t\t\t\t\t\n<h3>1. POSTANOWIENIA OG\u00d3LNE<\/h3>\n\n<p>1.1. Niniejszy Regulamin P\u0142atno\u015bci okre\u015bla rodzaje i zasady dokonywania p\u0142atno\u015bci za towary nabywane za po\u015brednictwem sklepu internetowego Morphcube prowadzonego przez Morphcube Sp. z o.o. z siedzib\u0105 w Warszawie.<\/p>\n\n<p>1.2. Sklep internetowy prowadzony jest przez Morphcube Sp. z o.o. z siedzib\u0105 przy ul. \u015aw. Wincentego 88\/138, 03-291 Warszawa, NIP: 5242971423, REGON: 524664185, wpisan\u0105 do rejestru przedsi\u0119biorc\u00f3w Krajowego Rejestru S\u0105dowego prowadzonego przez S\u0105d Rejonowy dla m.st. Warszawy w Warszawie, XIV Wydzia\u0142 Gospodarczy Krajowego Rejestru S\u0105dowego pod numerem KRS: 0001030631.<\/p>\n\n<h3>2. RODZAJE I ZASADY P\u0141ATNO\u015aCI<\/h3>\n\n<p>2.1. Sklep internetowy umo\u017cliwia dokonywanie p\u0142atno\u015bci przy u\u017cyciu nast\u0119puj\u0105cych metod:<\/p>\n\n<p>- Przelew online za po\u015brednictwem Tpay,<\/p>\n\n<p>- P\u0142atno\u015b\u0107 BLIK,<\/p>\n\n<p>- P\u0142atno\u015b\u0107 kart\u0105 Visa i Mastercard,<\/p>\n\n<p>- Tradycyjny przelew bankowy.<\/p>\n\n<p>2.2. Operatorem serwisu p\u0142atno\u015bci Tpay jest Krajowy Integrator P\u0142atno\u015bci S.A. z siedzib\u0105 przy ul. \u015aw. Marcin 73\/6, 61-808 Pozna\u0144, NIP: 7773061579, REGON: 300878437, KRS: 0000412357.<\/p>\n\n<p>2.3. Przyj\u0119cie zam\u00f3wienia do realizacji nast\u0119puje z chwil\u0105 zaksi\u0119gowania wp\u0142aty na rachunku bankowym Sprzedawcy lub potwierdzenia jej przez operatora Tpay.<\/p>\n\n<p>2.4. W przypadku wybranych metod p\u0142atno\u015bci Sprzedawca zastrzega sobie prawo do \u017c\u0105dania przedp\u0142aty ca\u0142o\u015bci lub cz\u0119\u015bci warto\u015bci zam\u00f3wienia.<\/p>\n\n<h3>3. FAKTURY I PODATKI<\/h3>\n\n<p>3.1. Sklep wystawia faktury VAT na \u017cyczenie Kupuj\u0105cego. \u017b\u0105danie takie mo\u017cna zg\u0142osi\u0107 podczas sk\u0142adania zam\u00f3wienia lub kontaktuj\u0105c si\u0119 z Biurem Obs\u0142ugi Klienta Sklepu po skompletowaniu zam\u00f3wienia.<\/p>\n\n<p>3.2. Ceny podane w Sklepie zawieraj\u0105 podatek VAT obowi\u0105zuj\u0105cy na gruncie prawa polskiego.<\/p>\n\n<p>3.3. Sprzeda\u017c na rzecz konsument\u00f3w z innych kraj\u00f3w Unii Europejskiej odbywa si\u0119 w ramach procedury OSS (One Stop Shop). Obowi\u0105zuj\u0105ca stawka VAT zale\u017cy od kraju zamieszkania konsumenta.<\/p>\n\n<h3>4. ZWROTY<\/h3>\n\n<p>4.1. W przypadku anulowania zam\u00f3wienia lub zwrotu, zwroty b\u0119d\u0105 przetwarzane przy u\u017cyciu tej samej metody p\u0142atno\u015bci, kt\u00f3rej klient u\u017cy\u0142 do pierwotnej transakcji.<\/p>\n\n<p>4.2. Zwroty s\u0105 dokonywane w ci\u0105gu 14 dni od otrzymania przez Sprzedawc\u0119 zwrotu lub potwierdzenia odst\u0105pienia od umowy.<\/p>\n\n<h3>5. KONTAKT<\/h3>\n\n<p>5.1. W przypadku pyta\u0144 dotycz\u0105cych p\u0142atno\u015bci lub wystawienia faktury prosimy o kontakt:<\/p>\n\n<p>\ud83d\udce7 orders@morphcube.pl<\/p>\n\n<h3 class=\"wp-block-heading\">Postanowienia og\u00f3lne<\/h3>\n\n<p>Niniejszy Regulamin okre\u015bla zasady dokonywania p\u0142atno\u015bci na rzecz sklepu internetowego morphcube.pl, kt\u00f3rego w\u0142a\u015bcicielem jest MorphCube Sp. z o.o., za po\u015brednictwem systemu Tpay.<\/p>\n\n<h3 class=\"wp-block-heading\">Definicje<\/h3>\n\n<p>Odbiorca p\u0142atno\u015bci - MorphCube Sp. z o.o., z siedzib\u0105 przy ul. Smrekowa 26B, 34-500 Zakopane, NIP: 7361748137, REGON: 528082526, zarejestrowana w KRS pod numerem 0001094168.<\/p>\n\n<p>P\u0142atnik - osoba fizyczna posiadaj\u0105ca pe\u0142n\u0105 zdolno\u015b\u0107 do czynno\u015bci prawnych, osoba prawna lub jednostka organizacyjna nieposiadaj\u0105ca osobowo\u015bci prawnej, kt\u00f3rej ustawa przyznaje zdolno\u015b\u0107 prawn\u0105, dokonuj\u0105ca p\u0142atno\u015bci na rzecz Odbiorcy P\u0142atno\u015bci.<\/p>\n\n<p>Operator p\u0142atno\u015bci - Tpay, w\u0142a\u015bcicielem systemu p\u0142atno\u015bci Tpay jest Krajowy Integrator P\u0142atno\u015bci S.A., ul. Plac W\u0142adys\u0142awa Andersa 3, 61-894 Pozna\u0144, NIP: 7773061579, REGON: 30087843700000, KRS: 0000412357.<\/p>\n\n<p>Us\u0142uga Online - us\u0142uga Tpay, kt\u00f3ra po\u015bredniczy w p\u0142atno\u015bciach mi\u0119dzy Odbiorc\u0105 P\u0142atno\u015bci a P\u0142atnikiem.<\/p>\n\n<p>P\u0142atno\u015b\u0107 - indywidualna transakcja dokonana przez P\u0142atnika na rzecz Odbiorcy P\u0142atno\u015bci z wykorzystaniem us\u0142ugi Tpay.<\/p>\n\n<h3 class=\"wp-block-heading\">Warunki \u015bwiadczenia us\u0142ug drog\u0105 elektroniczn\u0105<\/h3>\n\n<p>Aby prawid\u0142owo korzysta\u0107 z witryny internetowej i powi\u0105zanych us\u0142ug, nale\u017cy spe\u0142ni\u0107 nast\u0119puj\u0105ce wymagania techniczne:<\/p>\n\n<p>- Dost\u0119p do Internetu<br \/>- Przegl\u0105darka internetowa<br \/>- Aktywne konto e-mail<\/p>\n\n<p>Us\u0142ugodawca nie gwarantuje nieprzerwanego lub wolnego od b\u0142\u0119d\u00f3w dost\u0119pu do strony internetowej. Dost\u0119p mo\u017ce by\u0107 ograniczony z powodu konserwacji, aktualizacji lub napraw.<\/p>\n\n<p>U\u017cytkownikom zabrania si\u0119 przesy\u0142ania tre\u015bci niezgodnych z prawem, w tym<br \/>- Znies\u0142awienie lub wyrz\u0105dzenie szkody osobom trzecim<br \/>- Naruszenie tajemnic handlowych lub praw w\u0142asno\u015bci intelektualnej<br \/>- Czyny nieuczciwej konkurencji<br \/>- Promowanie nielegalnej dzia\u0142alno\u015bci<\/p>\n\n<p>\u00a0<\/p>\n\t\t\t\t\t\t\t\t<\/div>\n\t\t\t\t\t<\/div>\n\t\t\t\t<\/div>\n\t\t\t\t<\/div>","protected":false},"excerpt":{"rendered":"<p>1. GENERAL PROVISIONS 1.1. These Payment Terms define the types and rules for making payments for goods purchased via the Morphcube online [&hellip;]<\/p>\n","protected":false},"author":3,"featured_media":0,"parent":0,"menu_order":0,"comment_status":"closed","ping_status":"closed","template":"","meta":{"footnotes":""},"class_list":["post-1992","page","type-page","status-publish","hentry"],"_links":{"self":[{"href":"https:\/\/morphcube.pl\/pl\/wp-json\/wp\/v2\/pages\/1992","targetHints":{"allow":["GET"]}}],"collection":[{"href":"https:\/\/morphcube.pl\/pl\/wp-json\/wp\/v2\/pages"}],"about":[{"href":"https:\/\/morphcube.pl\/pl\/wp-json\/wp\/v2\/types\/page"}],"author":[{"embeddable":true,"href":"https:\/\/morphcube.pl\/pl\/wp-json\/wp\/v2\/users\/3"}],"replies":[{"embeddable":true,"href":"https:\/\/morphcube.pl\/pl\/wp-json\/wp\/v2\/comments?post=1992"}],"version-history":[{"count":3,"href":"https:\/\/morphcube.pl\/pl\/wp-json\/wp\/v2\/pages\/1992\/revisions"}],"predecessor-version":[{"id":2504,"href":"https:\/\/morphcube.pl\/pl\/wp-json\/wp\/v2\/pages\/1992\/revisions\/2504"}],"wp:attachment":[{"href":"https:\/\/morphcube.pl\/pl\/wp-json\/wp\/v2\/media?parent=1992"}],"curies":[{"name":"wp","href":"https:\/\/api.w.org\/{rel}","templated":true}]}}