{"id":2000,"date":"2025-08-05T12:36:44","date_gmt":"2025-08-05T12:36:44","guid":{"rendered":"https:\/\/morphcube.pl\/?page_id=2000"},"modified":"2025-09-29T03:59:01","modified_gmt":"2025-09-29T03:59:01","slug":"dostawa-wysylkowa","status":"publish","type":"page","link":"https:\/\/morphcube.pl\/pl\/dostawa-wysylkowa\/","title":{"rendered":"Wysy\u0142ka i dostawa"},"content":{"rendered":"<div data-elementor-type=\"wp-page\" data-elementor-id=\"2000\" class=\"elementor elementor-2000\" data-elementor-settings=\"{&quot;element_pack_global_tooltip_width&quot;:{&quot;unit&quot;:&quot;px&quot;,&quot;size&quot;:&quot;&quot;,&quot;sizes&quot;:[]},&quot;element_pack_global_tooltip_width_tablet&quot;:{&quot;unit&quot;:&quot;px&quot;,&quot;size&quot;:&quot;&quot;,&quot;sizes&quot;:[]},&quot;element_pack_global_tooltip_width_mobile&quot;:{&quot;unit&quot;:&quot;px&quot;,&quot;size&quot;:&quot;&quot;,&quot;sizes&quot;:[]},&quot;element_pack_global_tooltip_padding&quot;:{&quot;unit&quot;:&quot;px&quot;,&quot;top&quot;:&quot;&quot;,&quot;right&quot;:&quot;&quot;,&quot;bottom&quot;:&quot;&quot;,&quot;left&quot;:&quot;&quot;,&quot;isLinked&quot;:true},&quot;element_pack_global_tooltip_padding_tablet&quot;:{&quot;unit&quot;:&quot;px&quot;,&quot;top&quot;:&quot;&quot;,&quot;right&quot;:&quot;&quot;,&quot;bottom&quot;:&quot;&quot;,&quot;left&quot;:&quot;&quot;,&quot;isLinked&quot;:true},&quot;element_pack_global_tooltip_padding_mobile&quot;:{&quot;unit&quot;:&quot;px&quot;,&quot;top&quot;:&quot;&quot;,&quot;right&quot;:&quot;&quot;,&quot;bottom&quot;:&quot;&quot;,&quot;left&quot;:&quot;&quot;,&quot;isLinked&quot;:true},&quot;element_pack_global_tooltip_border_radius&quot;:{&quot;unit&quot;:&quot;px&quot;,&quot;top&quot;:&quot;&quot;,&quot;right&quot;:&quot;&quot;,&quot;bottom&quot;:&quot;&quot;,&quot;left&quot;:&quot;&quot;,&quot;isLinked&quot;:true},&quot;element_pack_global_tooltip_border_radius_tablet&quot;:{&quot;unit&quot;:&quot;px&quot;,&quot;top&quot;:&quot;&quot;,&quot;right&quot;:&quot;&quot;,&quot;bottom&quot;:&quot;&quot;,&quot;left&quot;:&quot;&quot;,&quot;isLinked&quot;:true},&quot;element_pack_global_tooltip_border_radius_mobile&quot;:{&quot;unit&quot;:&quot;px&quot;,&quot;top&quot;:&quot;&quot;,&quot;right&quot;:&quot;&quot;,&quot;bottom&quot;:&quot;&quot;,&quot;left&quot;:&quot;&quot;,&quot;isLinked&quot;:true}}\" data-elementor-post-type=\"page\">\n\t\t\t\t<div class=\"elementor-element elementor-element-4e905cd6 e-flex e-con-boxed e-con e-parent\" data-id=\"4e905cd6\" data-element_type=\"container\" data-e-type=\"container\">\n\t\t\t\t\t<div class=\"e-con-inner\">\n\t\t\t\t<div class=\"elementor-element elementor-element-1f906785 elementor-widget elementor-widget-text-editor\" data-id=\"1f906785\" data-element_type=\"widget\" data-e-type=\"widget\" data-widget_type=\"text-editor.default\">\n\t\t\t\t\t\t\t\t\t\n<p data-start=\"319\" data-end=\"394\">Przy <strong data-start=\"322\" data-end=\"335\">Morphcube<\/strong>Dbamy o to, aby Twoje zam\u00f3wienie dotar\u0142o do Ciebie bezpiecznie i na czas.<\/p>\n<h3 data-start=\"396\" data-end=\"410\">Kurierzy<\/h3>\n<p data-start=\"411\" data-end=\"455\">Wsp\u00f3\u0142pracujemy z zaufanymi partnerami w UE:<\/p>\n<ul data-start=\"456\" data-end=\"586\">\n<li data-start=\"456\" data-end=\"523\">\n<p data-start=\"458\" data-end=\"523\"><strong data-start=\"458\" data-end=\"479\">InPost Paczkomaty<\/strong> - wygodne paczkomaty w ca\u0142ej Polsce<\/p>\n<\/li>\n<li data-start=\"524\" data-end=\"586\">\n<p data-start=\"526\" data-end=\"586\"><strong data-start=\"526\" data-end=\"533\">DHL<\/strong> - szybka i niezawodna dostawa kurierem na terenie ca\u0142ej UE<\/p>\n<\/li>\n<\/ul>\n<h3 data-start=\"588\" data-end=\"609\">Czas przetwarzania<\/h3>\n<ul data-start=\"610\" data-end=\"769\">\n<li data-start=\"610\" data-end=\"689\">\n<p data-start=\"612\" data-end=\"689\">Zam\u00f3wienia s\u0105 zazwyczaj przetwarzane i wysy\u0142ane w ci\u0105gu <strong data-start=\"665\" data-end=\"686\">2-3 dni robocze<\/strong>.<\/p>\n<\/li>\n<li data-start=\"690\" data-end=\"769\">\n<p data-start=\"692\" data-end=\"769\">Link do \u015bledzenia przesy\u0142ki otrzymasz e-mailem, gdy tylko paczka zostanie wys\u0142ana.<\/p>\n<\/li>\n<\/ul>\n<h3 data-start=\"771\" data-end=\"790\">Czas dostawy<\/h3>\n<ul data-start=\"791\" data-end=\"918\">\n<li data-start=\"791\" data-end=\"839\">\n<p data-start=\"793\" data-end=\"839\"><strong data-start=\"793\" data-end=\"804\">Polska:<\/strong> 1-3 dni robocze po wysy\u0142ce<\/p>\n<\/li>\n<li data-start=\"840\" data-end=\"918\">\n<p data-start=\"842\" data-end=\"918\"><strong data-start=\"842\" data-end=\"859\">Kraje UE:<\/strong> 3-7 dni roboczych od wysy\u0142ki (w zale\u017cno\u015bci od lokalizacji)<\/p>\n<\/li>\n<\/ul>\n<h3 data-start=\"920\" data-end=\"940\">Koszty wysy\u0142ki<\/h3>\n<ul data-start=\"941\" data-end=\"1107\">\n<li data-start=\"941\" data-end=\"1037\">\n<p data-start=\"943\" data-end=\"1037\">Koszty wysy\u0142ki s\u0105 obliczane przy kasie na podstawie adresu dostawy i wybranego kuriera.<\/p>\n<\/li>\n<li data-start=\"1038\" data-end=\"1107\">\n<p data-start=\"1040\" data-end=\"1107\">Mog\u0105 obowi\u0105zywa\u0107 promocje bezp\u0142atnej wysy\u0142ki - wypatruj ofert specjalnych!<\/p>\n<\/li>\n<\/ul>\n<h3 data-start=\"1109\" data-end=\"1134\">Zwroty i wymiana<\/h3>\n<p data-start=\"1135\" data-end=\"1203\">W przypadku konieczno\u015bci zwrotu lub wymiany towaru nale\u017cy odes\u0142a\u0107 go na adres:<\/p>\n<p data-start=\"1205\" data-end=\"1282\"><strong data-start=\"1205\" data-end=\"1224\">Adres zwrotny:<\/strong><br data-start=\"1224\" data-end=\"1227\" \/>ul. Jana Paw\u0142a II 77a<br data-start=\"1248\" data-end=\"1251\" \/>34-425 Bia\u0142y Dunajec<br data-start=\"1271\" data-end=\"1274\" \/>Polska<\/p>\n<p data-start=\"1284\" data-end=\"1377\">Prosimy o umieszczenie numeru zam\u00f3wienia w paczce, aby pom\u00f3c nam w szybkim przetworzeniu zwrotu.<\/p>\n<h2 data-start=\"95\" data-end=\"116\">Wysy\u0142ka i Dostawa<\/h2>\n<p data-start=\"118\" data-end=\"199\">W <strong data-start=\"120\" data-end=\"133\">Morphcube<\/strong> dbamy o to, aby Twoje zam\u00f3wienie dotar\u0142o bezpiecznie i na czas.<\/p>\n<h3 data-start=\"201\" data-end=\"215\">Kurierzy<\/h3>\n<p data-start=\"216\" data-end=\"260\">Wsp\u00f3\u0142pracujemy ze sprawdzonymi partnerami:<\/p>\n<ul data-start=\"261\" data-end=\"415\">\n<li data-start=\"261\" data-end=\"328\">\n<p data-start=\"263\" data-end=\"328\"><strong data-start=\"263\" data-end=\"284\">InPost Paczkomaty<\/strong> - wygodny odbi\u00f3r przesy\u0142ek w ca\u0142ej Polsce<\/p>\n<\/li>\n<li data-start=\"329\" data-end=\"415\">\n<p data-start=\"331\" data-end=\"415\"><strong data-start=\"331\" data-end=\"338\">DHL<\/strong> - szybka i niezawodna dostawa kurierska na terenie ca\u0142ej Unii Europejskiej<\/p>\n<\/li>\n<\/ul>\n<h3 data-start=\"417\" data-end=\"438\">Czas realizacji<\/h3>\n<ul data-start=\"439\" data-end=\"597\">\n<li data-start=\"439\" data-end=\"521\">\n<p data-start=\"441\" data-end=\"521\">Zam\u00f3wienia s\u0105 zazwyczaj przetwarzane i wysy\u0142ane w ci\u0105gu <strong data-start=\"497\" data-end=\"518\">2-3 dni robocze<\/strong>.<\/p>\n<\/li>\n<li data-start=\"522\" data-end=\"597\">\n<p data-start=\"524\" data-end=\"597\">Po nadaniu przesy\u0142ki otrzymasz wiadomo\u015b\u0107 e-mail z numerem do \u015bledzenia.<\/p>\n<\/li>\n<\/ul>\n<h3 data-start=\"599\" data-end=\"617\">Czas dostawy<\/h3>\n<ul data-start=\"618\" data-end=\"753\">\n<li data-start=\"618\" data-end=\"668\">\n<p data-start=\"620\" data-end=\"668\"><strong data-start=\"620\" data-end=\"631\">Polska:<\/strong> 1-3 dni robocze od momentu wysy\u0142ki<\/p>\n<\/li>\n<li data-start=\"669\" data-end=\"753\">\n<p data-start=\"671\" data-end=\"753\"><strong data-start=\"671\" data-end=\"684\">Kraje UE:<\/strong> 3-7 dni roboczych od momentu wysy\u0142ki (w zale\u017cno\u015bci od lokalizacji)<\/p>\n<\/li>\n<\/ul>\n<h3 data-start=\"755\" data-end=\"775\">Koszty wysy\u0142ki<\/h3>\n<ul data-start=\"776\" data-end=\"984\">\n<li data-start=\"776\" data-end=\"898\">\n<p data-start=\"778\" data-end=\"898\">Koszty wysy\u0142ki s\u0105 obliczane automatycznie przy sk\u0142adaniu zam\u00f3wienia i zale\u017c\u0105 od adresu dostawy oraz wybranego kuriera.<\/p>\n<\/li>\n<li data-start=\"899\" data-end=\"984\">\n<p data-start=\"901\" data-end=\"984\">W ramach promocji mog\u0105 obowi\u0105zywa\u0107 darmowe wysy\u0142ki - \u015bled\u017a nasze aktualne oferty!<\/p>\n<\/li>\n<\/ul>\n<h3 data-start=\"986\" data-end=\"1008\">Zwroty i wymiany<\/h3>\n<p data-start=\"1009\" data-end=\"1075\">W przypadku zwrotu lub wymiany prosimy odes\u0142a\u0107 produkt na adres:<\/p>\n<p data-start=\"1077\" data-end=\"1153\"><strong data-start=\"1077\" data-end=\"1095\">Adres zwrot\u00f3w:<\/strong><br data-start=\"1095\" data-end=\"1098\" \/>ul. Jana Paw\u0142a II 77a<br data-start=\"1119\" data-end=\"1122\" \/>34-425 Bia\u0142y Dunajec<br data-start=\"1142\" data-end=\"1145\" \/>Polska<\/p>\n<p data-start=\"1155\" data-end=\"1232\">Do\u0142\u0105cz numer zam\u00f3wienia do paczki, aby\u015bmy mogli szybciej przetworzy\u0107 zwrot.<\/p>\n<p data-start=\"1284\" data-end=\"1377\">\u00a0<\/p>\n<p data-start=\"1284\" data-end=\"1377\">\u00a0<\/p>\n\t\t\t\t\t\t\t\t<\/div>\n\t\t\t\t\t<\/div>\n\t\t\t\t<\/div>\n\t\t\t\t<\/div>","protected":false},"excerpt":{"rendered":"<p>At Morphcube, we make sure your order reaches you safely and on time. Couriers We work with trusted EU delivery partners: InPost [&hellip;]<\/p>\n","protected":false},"author":3,"featured_media":0,"parent":0,"menu_order":0,"comment_status":"closed","ping_status":"closed","template":"","meta":{"footnotes":""},"class_list":["post-2000","page","type-page","status-publish","hentry"],"_links":{"self":[{"href":"https:\/\/morphcube.pl\/pl\/wp-json\/wp\/v2\/pages\/2000","targetHints":{"allow":["GET"]}}],"collection":[{"href":"https:\/\/morphcube.pl\/pl\/wp-json\/wp\/v2\/pages"}],"about":[{"href":"https:\/\/morphcube.pl\/pl\/wp-json\/wp\/v2\/types\/page"}],"author":[{"embeddable":true,"href":"https:\/\/morphcube.pl\/pl\/wp-json\/wp\/v2\/users\/3"}],"replies":[{"embeddable":true,"href":"https:\/\/morphcube.pl\/pl\/wp-json\/wp\/v2\/comments?post=2000"}],"version-history":[{"count":4,"href":"https:\/\/morphcube.pl\/pl\/wp-json\/wp\/v2\/pages\/2000\/revisions"}],"predecessor-version":[{"id":2522,"href":"https:\/\/morphcube.pl\/pl\/wp-json\/wp\/v2\/pages\/2000\/revisions\/2522"}],"wp:attachment":[{"href":"https:\/\/morphcube.pl\/pl\/wp-json\/wp\/v2\/media?parent=2000"}],"curies":[{"name":"wp","href":"https:\/\/api.w.org\/{rel}","templated":true}]}}