{"id":2042,"date":"2025-08-17T08:52:34","date_gmt":"2025-08-17T08:52:34","guid":{"rendered":"https:\/\/morphcube.pl\/privacy-center\/"},"modified":"2025-08-17T08:52:34","modified_gmt":"2025-08-17T08:52:34","slug":"centrum-prywatnosci","status":"publish","type":"page","link":"https:\/\/morphcube.pl\/pl\/centrum-prywatnosci\/","title":{"rendered":"Centrum prywatno\u015bci"},"content":{"rendered":"<div class=\"wordpress-gdpr-privacy-center\"><div class=\"wordpress-gdpr-privacy-center-items\"><a href=\"https:\/\/morphcube.pl\/pl\/centrum-prywatnosci\/kontakt-dpo\/\" class=\"wordpress-gdpr-privacy-center-item\"><div class=\"wordpress-gdpr-privacy-center-item-contactDPO\"><i class=\"fa fa-user-circle-o\"><\/i><h2 class=\"wordpress-gdpr-privacy-center-item-headline\">Skontaktuj si\u0119 z DPO<\/h2><p class=\"wordpress-gdpr-privacy-center-item-desc\">Skontaktuj si\u0119 z naszym inspektorem ochrony danych.<\/p><div class=\"wordpress-gdpr-privacy-center-item-action\">Wi\u0119cej<\/div><\/div><\/a><a href=\"\" class=\"wordpress-gdpr-privacy-center-item\"><div class=\"wordpress-gdpr-privacy-center-item-cookiePolicy\"><i class=\"fa  fa-list-alt\"><\/i><h2 class=\"wordpress-gdpr-privacy-center-item-headline\">Ciasteczko Polityki<\/h2><p class=\"wordpress-gdpr-privacy-center-item-desc\">Przeczytaj o naszej Polityce Cookie<\/p><div class=\"wordpress-gdpr-privacy-center-item-action\">Wi\u0119cej<\/div><\/div><\/a><a href=\"https:\/\/morphcube.pl\/pl\/centrum-prywatnosci\/kontakt-z-dmca\/\" class=\"wordpress-gdpr-privacy-center-item wordpress-gdpr-privacy-center-item-last\"><div class=\"wordpress-gdpr-privacy-center-item-DMCA\"><i class=\"fa fa-gavel\"><\/i><h2 class=\"wordpress-gdpr-privacy-center-item-headline\">DMCA<\/h2><p class=\"wordpress-gdpr-privacy-center-item-desc\">Zg\u0142o\u015b naruszenie praw autorskich.<\/p><div class=\"wordpress-gdpr-privacy-center-item-action\">Wi\u0119cej<\/div><\/div><\/a><a href=\"https:\/\/morphcube.pl\/pl\/centrum-prywatnosci\/sprostowanie-danych\/\" class=\"wordpress-gdpr-privacy-center-item\"><div class=\"wordpress-gdpr-privacy-center-item-dataRectification\"><i class=\"fa fa-pencil\"><\/i><h2 class=\"wordpress-gdpr-privacy-center-item-headline\">Sprostowanie danych<\/h2><p class=\"wordpress-gdpr-privacy-center-item-desc\">Skontaktuj si\u0119 z nami, aby poprosi\u0107 o zmian\u0119 danych.<\/p><div class=\"wordpress-gdpr-privacy-center-item-action\">Wi\u0119cej<\/div><\/div><\/a><a href=\"https:\/\/morphcube.pl\/pl\/centrum-prywatnosci\/wylaczenie-odpowiedzialnosci\/\" class=\"wordpress-gdpr-privacy-center-item\"><div class=\"wordpress-gdpr-privacy-center-item-disclaimer\"><i class=\"fa fa-gavel\"><\/i><h2 class=\"wordpress-gdpr-privacy-center-item-headline\">Sprostowanie<\/h2><p class=\"wordpress-gdpr-privacy-center-item-desc\">Dowiedz si\u0119 wi\u0119cej o naszych zobowi\u0105zaniach.<\/p><div class=\"wordpress-gdpr-privacy-center-item-action\">Wi\u0119cej<\/div><\/div><\/a><a href=\"https:\/\/morphcube.pl\/pl\/centrum-prywatnosci\/zapomnij-o-mnie\/\" class=\"wordpress-gdpr-privacy-center-item wordpress-gdpr-privacy-center-item-last\"><div class=\"wordpress-gdpr-privacy-center-item-forgetMe\"><i class=\"fa fa-eraser\"><\/i><h2 class=\"wordpress-gdpr-privacy-center-item-headline\">Zapomnij o mnie<\/h2><p class=\"wordpress-gdpr-privacy-center-item-desc\">Prze\u015blij \u017c\u0105danie usuni\u0119cia prywatnych danych.<\/p><div class=\"wordpress-gdpr-privacy-center-item-action\">Wi\u0119cej<\/div><\/div><\/a><a href=\"https:\/\/morphcube.pl\/pl\/centrum-prywatnosci\/odcisk\/\" class=\"wordpress-gdpr-privacy-center-item\"><div class=\"wordpress-gdpr-privacy-center-item-imprint\"><i class=\"fa fa-file-text-o\"><\/i><h2 class=\"wordpress-gdpr-privacy-center-item-headline\">Odcisk<\/h2><p class=\"wordpress-gdpr-privacy-center-item-desc\">Dowiedz si\u0119 wi\u0119cej o naszej w\u0142asno\u015bci i autorstwie.<\/p><div class=\"wordpress-gdpr-privacy-center-item-action\">Wi\u0119cej<\/div><\/div><\/a><a href=\"https:\/\/morphcube.pl\/pl\/centrum-prywatnosci\/kredyty-medialne\/\" class=\"wordpress-gdpr-privacy-center-item\"><div class=\"wordpress-gdpr-privacy-center-item-mediaCredits\"><i class=\"fa fa-file-image-o\"><\/i><h2 class=\"wordpress-gdpr-privacy-center-item-headline\">Kredyty medialne<\/h2><p class=\"wordpress-gdpr-privacy-center-item-desc\">Zapoznaj si\u0119 z kredytami naszych medi\u00f3w.<\/p><div class=\"wordpress-gdpr-privacy-center-item-action\">Wi\u0119cej<\/div><\/div><\/a><a href=\"https:\/\/morphcube.pl\/pl\/centrum-prywatnosci\/zadanie-danych\/\" class=\"wordpress-gdpr-privacy-center-item wordpress-gdpr-privacy-center-item-last\"><div class=\"wordpress-gdpr-privacy-center-item-requestData\"><i class=\"fa fa-database\"><\/i><h2 class=\"wordpress-gdpr-privacy-center-item-headline\">\u017b\u0105daj danych<\/h2><p class=\"wordpress-gdpr-privacy-center-item-desc\">Prze\u015blij \u017c\u0105danie uzyskania kopii wszystkich przechowywanych danych.<\/p><div class=\"wordpress-gdpr-privacy-center-item-action\">Wi\u0119cej<\/div><\/div><\/a><a href=\"\" class=\"wordpress-gdpr-privacy-center-item\"><div class=\"wordpress-gdpr-privacy-center-item-privacyPolicy\"><i class=\"fa fa-file-text\"><\/i><h2 class=\"wordpress-gdpr-privacy-center-item-headline\">Polityka prywatno\u015bci<\/h2><p class=\"wordpress-gdpr-privacy-center-item-desc\">Przeczytaj o naszej Polityce prywatno\u015bci.<\/p><div class=\"wordpress-gdpr-privacy-center-item-action\">Wi\u0119cej<\/div><\/div><\/a><a href=\"#\" class=\"wordpress-gdpr-privacy-center-item wordpress-gdpr-open-privacy-settings-modal\"><div class=\"wordpress-gdpr-privacy-center-item-privacySettings\"><i class=\"fa fa-user-secret\"><\/i><h2 class=\"wordpress-gdpr-privacy-center-item-headline\">Ustawienie prywatno\u015bci<\/h2><p class=\"wordpress-gdpr-privacy-center-item-desc\">Skonfiguruj swoje ustawienia prywatno\u015bci.<\/p><div class=\"wordpress-gdpr-privacy-center-item-action\">Wi\u0119cej<\/div><\/div><\/a><a href=\"\" class=\"wordpress-gdpr-privacy-center-item wordpress-gdpr-privacy-center-item-last\"><div class=\"wordpress-gdpr-privacy-center-item-termsConditions\"><i class=\"fa fa-align-left\"><\/i><h2 class=\"wordpress-gdpr-privacy-center-item-headline\">Regulamin<\/h2><p class=\"wordpress-gdpr-privacy-center-item-desc\">Zapoznaj si\u0119 z regulaminem naszej strony<\/p><div class=\"wordpress-gdpr-privacy-center-item-action\">Wi\u0119cej<\/div><\/div><\/a><a href=\"https:\/\/morphcube.pl\/pl\/centrum-prywatnosci\/wypisac-sie\/\" class=\"wordpress-gdpr-privacy-center-item\"><div class=\"wordpress-gdpr-privacy-center-item-unsubscribe\"><i class=\"fa fa-envelope\"><\/i><h2 class=\"wordpress-gdpr-privacy-center-item-headline\">Anuluj subskrypcj\u0119<\/h2><p class=\"wordpress-gdpr-privacy-center-item-desc\">Zrezygnuj z naszych biuletyn\u00f3w.<\/p><div class=\"wordpress-gdpr-privacy-center-item-action\">Wi\u0119cej<\/div><\/div><\/a><\/div><\/div>","protected":false},"excerpt":{"rendered":"","protected":false},"author":3,"featured_media":0,"parent":0,"menu_order":0,"comment_status":"closed","ping_status":"closed","template":"","meta":{"footnotes":""},"class_list":["post-2042","page","type-page","status-publish","hentry"],"_links":{"self":[{"href":"https:\/\/morphcube.pl\/pl\/wp-json\/wp\/v2\/pages\/2042","targetHints":{"allow":["GET"]}}],"collection":[{"href":"https:\/\/morphcube.pl\/pl\/wp-json\/wp\/v2\/pages"}],"about":[{"href":"https:\/\/morphcube.pl\/pl\/wp-json\/wp\/v2\/types\/page"}],"author":[{"embeddable":true,"href":"https:\/\/morphcube.pl\/pl\/wp-json\/wp\/v2\/users\/3"}],"replies":[{"embeddable":true,"href":"https:\/\/morphcube.pl\/pl\/wp-json\/wp\/v2\/comments?post=2042"}],"version-history":[{"count":0,"href":"https:\/\/morphcube.pl\/pl\/wp-json\/wp\/v2\/pages\/2042\/revisions"}],"wp:attachment":[{"href":"https:\/\/morphcube.pl\/pl\/wp-json\/wp\/v2\/media?parent=2042"}],"curies":[{"name":"wp","href":"https:\/\/api.w.org\/{rel}","templated":true}]}}