{"id":2043,"date":"2025-08-17T08:52:34","date_gmt":"2025-08-17T08:52:34","guid":{"rendered":"https:\/\/morphcube.pl\/privacy-center\/contact-dpo\/"},"modified":"2025-08-17T08:52:34","modified_gmt":"2025-08-17T08:52:34","slug":"kontakt-dpo","status":"publish","type":"page","link":"https:\/\/morphcube.pl\/pl\/centrum-prywatnosci\/kontakt-dpo\/","title":{"rendered":"Kontakt z inspektorem ochrony danych"},"content":{"rendered":"<a class=\"wordpress-gdpr-back-link\" href=\"https:\/\/morphcube.pl\/pl\/centrum-prywatnosci\/\">\u2190 Wr\u00f3\u0107 do Centrum prywatno\u015bci<\/a><form action=\"\/pl\/wp-json\/wp\/v2\/pages\/2043\" class=\"wordpress-gdpr-form wordpress-gdpr-form-contact-dpo\" method=\"post\" data-trp-original-action=\"\/pl\/wp-json\/wp\/v2\/pages\/2043\"><input type=\"hidden\" name=\"wordpress_gdpr_form_type\" value=\"contact-dpo\"><div class=\"form-group\"><label for=\"gdpr_firstname\">Twoje nawisko<\/label><input class=\"form-control\" type=\"text\" name=\"gdpr_firstname\" value=\"\" required \/><\/div><div class=\"form-group\"><label for=\"gdpr_lastname\">Twoje nazwisko (*)<\/label><input class=\"form-control\" type=\"text\" name=\"gdpr_lastname\" value=\"\" required \/><\/div><div class=\"form-group\"><label for=\"gdpr_email\">Tw\u00f3j e-mail<\/label><input class=\"form-control\" type=\"email\" name=\"gdpr_email\" value=\"\" required \/><\/div><div class=\"form-group\"><label for=\"gdpr_message\">Twoja wiadomo\u015b\u0107<\/label><textarea class=\"form-control\" name=\"gdpr_message\" required \/><\/textarea><\/div><div class=\"form-group\"><label for=\"gdpr_terms\"><input id=\"gdpr_terms\" class=\"form-control\" type=\"checkbox\" name=\"gdpr_terms\" value=\"1\" required \/><span class=\"gdpr-accept-conditiones-text\">Zgadzam si\u0119 z polityk\u0105 prywatno\u015bci i zgadzam si\u0119, \u017ce moje dane b\u0119d\u0105 przechowywane w zwi\u0105zku z tym \u017c\u0105daniem RODO. .<\/span><\/label><\/div><input type=\"submit\" name=\"gdpr_submitted\" value=\"Wy\u015blij\"\/><input type=\"hidden\" name=\"trp-form-language\" value=\"pl\"\/><\/form>","protected":false},"excerpt":{"rendered":"","protected":false},"author":3,"featured_media":0,"parent":2042,"menu_order":0,"comment_status":"closed","ping_status":"closed","template":"","meta":{"footnotes":""},"class_list":["post-2043","page","type-page","status-publish","hentry"],"_links":{"self":[{"href":"https:\/\/morphcube.pl\/pl\/wp-json\/wp\/v2\/pages\/2043","targetHints":{"allow":["GET"]}}],"collection":[{"href":"https:\/\/morphcube.pl\/pl\/wp-json\/wp\/v2\/pages"}],"about":[{"href":"https:\/\/morphcube.pl\/pl\/wp-json\/wp\/v2\/types\/page"}],"author":[{"embeddable":true,"href":"https:\/\/morphcube.pl\/pl\/wp-json\/wp\/v2\/users\/3"}],"replies":[{"embeddable":true,"href":"https:\/\/morphcube.pl\/pl\/wp-json\/wp\/v2\/comments?post=2043"}],"version-history":[{"count":0,"href":"https:\/\/morphcube.pl\/pl\/wp-json\/wp\/v2\/pages\/2043\/revisions"}],"up":[{"embeddable":true,"href":"https:\/\/morphcube.pl\/pl\/wp-json\/wp\/v2\/pages\/2042"}],"wp:attachment":[{"href":"https:\/\/morphcube.pl\/pl\/wp-json\/wp\/v2\/media?parent=2043"}],"curies":[{"name":"wp","href":"https:\/\/api.w.org\/{rel}","templated":true}]}}