{"id":2044,"date":"2025-08-17T08:52:34","date_gmt":"2025-08-17T08:52:34","guid":{"rendered":"https:\/\/morphcube.pl\/privacy-center\/cookie-policy\/"},"modified":"2025-09-29T02:33:06","modified_gmt":"2025-09-29T02:33:06","slug":"polityka-cookies","status":"publish","type":"page","link":"https:\/\/morphcube.pl\/pl\/centrum-prywatnosci\/polityka-cookies\/","title":{"rendered":"Polityka dotycz\u0105ca plik\u00f3w cookie"},"content":{"rendered":"<div data-elementor-type=\"wp-page\" data-elementor-id=\"2044\" class=\"elementor elementor-2044\" data-elementor-settings=\"{&quot;element_pack_global_tooltip_width&quot;:{&quot;unit&quot;:&quot;px&quot;,&quot;size&quot;:&quot;&quot;,&quot;sizes&quot;:[]},&quot;element_pack_global_tooltip_width_tablet&quot;:{&quot;unit&quot;:&quot;px&quot;,&quot;size&quot;:&quot;&quot;,&quot;sizes&quot;:[]},&quot;element_pack_global_tooltip_width_mobile&quot;:{&quot;unit&quot;:&quot;px&quot;,&quot;size&quot;:&quot;&quot;,&quot;sizes&quot;:[]},&quot;element_pack_global_tooltip_padding&quot;:{&quot;unit&quot;:&quot;px&quot;,&quot;top&quot;:&quot;&quot;,&quot;right&quot;:&quot;&quot;,&quot;bottom&quot;:&quot;&quot;,&quot;left&quot;:&quot;&quot;,&quot;isLinked&quot;:true},&quot;element_pack_global_tooltip_padding_tablet&quot;:{&quot;unit&quot;:&quot;px&quot;,&quot;top&quot;:&quot;&quot;,&quot;right&quot;:&quot;&quot;,&quot;bottom&quot;:&quot;&quot;,&quot;left&quot;:&quot;&quot;,&quot;isLinked&quot;:true},&quot;element_pack_global_tooltip_padding_mobile&quot;:{&quot;unit&quot;:&quot;px&quot;,&quot;top&quot;:&quot;&quot;,&quot;right&quot;:&quot;&quot;,&quot;bottom&quot;:&quot;&quot;,&quot;left&quot;:&quot;&quot;,&quot;isLinked&quot;:true},&quot;element_pack_global_tooltip_border_radius&quot;:{&quot;unit&quot;:&quot;px&quot;,&quot;top&quot;:&quot;&quot;,&quot;right&quot;:&quot;&quot;,&quot;bottom&quot;:&quot;&quot;,&quot;left&quot;:&quot;&quot;,&quot;isLinked&quot;:true},&quot;element_pack_global_tooltip_border_radius_tablet&quot;:{&quot;unit&quot;:&quot;px&quot;,&quot;top&quot;:&quot;&quot;,&quot;right&quot;:&quot;&quot;,&quot;bottom&quot;:&quot;&quot;,&quot;left&quot;:&quot;&quot;,&quot;isLinked&quot;:true},&quot;element_pack_global_tooltip_border_radius_mobile&quot;:{&quot;unit&quot;:&quot;px&quot;,&quot;top&quot;:&quot;&quot;,&quot;right&quot;:&quot;&quot;,&quot;bottom&quot;:&quot;&quot;,&quot;left&quot;:&quot;&quot;,&quot;isLinked&quot;:true}}\" data-elementor-post-type=\"page\">\n\t\t\t\t<div class=\"elementor-element elementor-element-400643fa e-flex e-con-boxed e-con e-parent\" data-id=\"400643fa\" data-element_type=\"container\" data-e-type=\"container\">\n\t\t\t\t\t<div class=\"e-con-inner\">\n\t\t\t\t<div class=\"elementor-element elementor-element-36ea9403 elementor-widget elementor-widget-text-editor\" data-id=\"36ea9403\" data-element_type=\"widget\" data-e-type=\"widget\" data-widget_type=\"text-editor.default\">\n\t\t\t\t\t\t\t\t\t<h3>Co to jest plik cookie?<\/h3>\n<p>Pliki cookie to ma\u0142e pliki tekstowe tworzone przez odwiedzan\u0105 stron\u0119 internetow\u0105, kt\u00f3re zawieraj\u0105 dane. S\u0105 one przechowywane na komputerze u\u017cytkownika, aby umo\u017cliwi\u0107 mu dost\u0119p do r\u00f3\u017cnych funkcji. Na tej stronie internetowej (\u201cStrona\u201d) u\u017cywane s\u0105 zar\u00f3wno sesyjne, jak i niesesyjne pliki cookie. Sesyjny plik cookie jest tymczasowo przechowywany w pami\u0119ci komputera podczas przegl\u0105dania witryny przez u\u017cytkownika. Ten plik cookie jest usuwany, gdy u\u017cytkownik zamknie przegl\u0105dark\u0119 internetow\u0105 lub po up\u0142ywie okre\u015blonego czasu (co oznacza wyga\u015bni\u0119cie sesji). Niesesyjny plik cookie pozostaje na komputerze u\u017cytkownika do momentu jego usuni\u0119cia.<\/p>\n<h3>Dlaczego u\u017cywamy plik\u00f3w cookie?<\/h3>\n<p>U\u017cywamy plik\u00f3w cookie, aby dowiedzie\u0107 si\u0119 wi\u0119cej o sposobie interakcji odwiedzaj\u0105cych z naszymi tre\u015bciami i pom\u00f3c nam poprawi\u0107 wra\u017cenia podczas odwiedzania naszej witryny.<\/p>\n<h3>Funkcjonalno\u015b\u0107 witryny<\/h3>\n<p>Funkcja udost\u0119pniania jest wykorzystywana przez odwiedzaj\u0105cych do polecania naszej Witryny i tre\u015bci w sieciach spo\u0142eczno\u015bciowych, takich jak Facebook i Twitter. Pliki cookie przechowuj\u0105 informacje o tym, w jaki spos\u00f3b odwiedzaj\u0105cy korzystaj\u0105 z funkcji udost\u0119pniania - cho\u0107 nie na poziomie indywidualnym - aby mo\u017cna by\u0142o ulepsza\u0107 Witryn\u0119. Je\u015bli u\u017cytkownik nie akceptuje plik\u00f3w cookie, \u017cadne informacje nie s\u0105 przechowywane.<\/p>\n<p>W przypadku niekt\u00f3rych funkcji w naszej Witrynie korzystamy z us\u0142ug dostawc\u00f3w zewn\u0119trznych, na przyk\u0142ad gdy u\u017cytkownik odwiedza stron\u0119 z filmami osadzonymi w serwisie YouTube lub linkami do niego. Te filmy lub linki (oraz wszelkie inne tre\u015bci pochodz\u0105ce od dostawc\u00f3w zewn\u0119trznych) mog\u0105 zawiera\u0107 pliki cookie stron trzecich, a u\u017cytkownik mo\u017ce chcie\u0107 zapozna\u0107 si\u0119 z polityk\u0105 tych stron internetowych stron trzecich w celu uzyskania informacji na temat korzystania przez nie z plik\u00f3w cookie.<\/p>\n<h3>U\u017cywane przez nas pliki cookie:<\/h3>\n<p>Niniejsza Witryna korzysta z us\u0142ugi Google Analytics, kt\u00f3ra wykorzystuje pliki cookie. Na poziomie zbiorczym pliki cookie przechowuj\u0105 informacje o tym, w jaki spos\u00f3b odwiedzaj\u0105cy korzystaj\u0105 z Witryny, w tym o liczbie wy\u015bwietlanych stron, sk\u0105d pochodzi odwiedzaj\u0105cy i liczbie odwiedzin, w celu ulepszenia witryny i zapewnienia dobrego do\u015bwiadczenia u\u017cytkownika. Je\u015bli u\u017cytkownik nie zaakceptuje plik\u00f3w cookie, \u017cadne informacje nie b\u0119d\u0105 przechowywane.<\/p>\n<h3>Jak odrzuci\u0107 pliki cookie?<\/h3>\n<p>Nie b\u0119dziemy wykorzystywa\u0107 plik\u00f3w cookie do gromadzenia informacji umo\u017cliwiaj\u0105cych identyfikacj\u0119 u\u017cytkownika.<\/p>\n<p>U\u017cytkownik mo\u017ce jednak odrzuci\u0107 lub zablokowa\u0107 pliki cookie ustawione przez {yourwebsite}, zmieniaj\u0105c ustawienia przegl\u0105darki - wi\u0119cej informacji mo\u017cna znale\u017a\u0107 w \u201cFunkcji pomocy\u201d przegl\u0105darki. Nale\u017cy pami\u0119ta\u0107, \u017ce wi\u0119kszo\u015b\u0107 przegl\u0105darek automatycznie akceptuje pliki cookie, wi\u0119c je\u015bli u\u017cytkownik nie chce, aby pliki cookie by\u0142y u\u017cywane, mo\u017ce by\u0107 konieczne ich aktywne usuni\u0119cie lub zablokowanie.<\/p>\n<p>Aby uzyska\u0107 informacje na temat korzystania z plik\u00f3w cookie w przegl\u0105darkach telefon\u00f3w kom\u00f3rkowych oraz szczeg\u00f3\u0142owe informacje na temat sposobu odrzucania lub usuwania takich plik\u00f3w cookie, nale\u017cy zapozna\u0107 si\u0119 z instrukcj\u0105 obs\u0142ugi telefonu kom\u00f3rkowego.<\/p>\n\n\n<p><\/p>\n\t\t\t\t\t\t\t\t<\/div>\n\t\t\t\t\t<\/div>\n\t\t\t\t<\/div>\n\t\t\t\t<\/div>","protected":false},"excerpt":{"rendered":"<p>What is a Cookie? Cookies are small text files, created by the website visited, that contain data. They are stored on the [&hellip;]<\/p>\n","protected":false},"author":3,"featured_media":0,"parent":2042,"menu_order":0,"comment_status":"closed","ping_status":"closed","template":"","meta":{"footnotes":""},"class_list":["post-2044","page","type-page","status-publish","hentry"],"_links":{"self":[{"href":"https:\/\/morphcube.pl\/pl\/wp-json\/wp\/v2\/pages\/2044","targetHints":{"allow":["GET"]}}],"collection":[{"href":"https:\/\/morphcube.pl\/pl\/wp-json\/wp\/v2\/pages"}],"about":[{"href":"https:\/\/morphcube.pl\/pl\/wp-json\/wp\/v2\/types\/page"}],"author":[{"embeddable":true,"href":"https:\/\/morphcube.pl\/pl\/wp-json\/wp\/v2\/users\/3"}],"replies":[{"embeddable":true,"href":"https:\/\/morphcube.pl\/pl\/wp-json\/wp\/v2\/comments?post=2044"}],"version-history":[{"count":4,"href":"https:\/\/morphcube.pl\/pl\/wp-json\/wp\/v2\/pages\/2044\/revisions"}],"predecessor-version":[{"id":2495,"href":"https:\/\/morphcube.pl\/pl\/wp-json\/wp\/v2\/pages\/2044\/revisions\/2495"}],"up":[{"embeddable":true,"href":"https:\/\/morphcube.pl\/pl\/wp-json\/wp\/v2\/pages\/2042"}],"wp:attachment":[{"href":"https:\/\/morphcube.pl\/pl\/wp-json\/wp\/v2\/media?parent=2044"}],"curies":[{"name":"wp","href":"https:\/\/api.w.org\/{rel}","templated":true}]}}