{"id":2049,"date":"2025-08-17T08:52:34","date_gmt":"2025-08-17T08:52:34","guid":{"rendered":"https:\/\/morphcube.pl\/privacy-center\/imprint\/"},"modified":"2025-08-17T08:52:34","modified_gmt":"2025-08-17T08:52:34","slug":"odcisk","status":"publish","type":"page","link":"https:\/\/morphcube.pl\/pl\/centrum-prywatnosci\/odcisk\/","title":{"rendered":"Nadruk"},"content":{"rendered":"<p>Umie\u015b\u0107 sw\u00f3j nadruk tutaj<\/p>","protected":false},"excerpt":{"rendered":"<p>Umie\u015b\u0107 sw\u00f3j nadruk tutaj<\/p>","protected":false},"author":3,"featured_media":0,"parent":2042,"menu_order":0,"comment_status":"closed","ping_status":"closed","template":"","meta":{"footnotes":""},"class_list":["post-2049","page","type-page","status-publish","hentry"],"_links":{"self":[{"href":"https:\/\/morphcube.pl\/pl\/wp-json\/wp\/v2\/pages\/2049","targetHints":{"allow":["GET"]}}],"collection":[{"href":"https:\/\/morphcube.pl\/pl\/wp-json\/wp\/v2\/pages"}],"about":[{"href":"https:\/\/morphcube.pl\/pl\/wp-json\/wp\/v2\/types\/page"}],"author":[{"embeddable":true,"href":"https:\/\/morphcube.pl\/pl\/wp-json\/wp\/v2\/users\/3"}],"replies":[{"embeddable":true,"href":"https:\/\/morphcube.pl\/pl\/wp-json\/wp\/v2\/comments?post=2049"}],"version-history":[{"count":0,"href":"https:\/\/morphcube.pl\/pl\/wp-json\/wp\/v2\/pages\/2049\/revisions"}],"up":[{"embeddable":true,"href":"https:\/\/morphcube.pl\/pl\/wp-json\/wp\/v2\/pages\/2042"}],"wp:attachment":[{"href":"https:\/\/morphcube.pl\/pl\/wp-json\/wp\/v2\/media?parent=2049"}],"curies":[{"name":"wp","href":"https:\/\/api.w.org\/{rel}","templated":true}]}}