{"id":2054,"date":"2025-08-17T08:52:34","date_gmt":"2025-08-17T08:52:34","guid":{"rendered":"https:\/\/morphcube.pl\/privacy-center\/unscribe\/"},"modified":"2025-08-17T08:52:34","modified_gmt":"2025-08-17T08:52:34","slug":"wypisac-sie","status":"publish","type":"page","link":"https:\/\/morphcube.pl\/pl\/centrum-prywatnosci\/wypisac-sie\/","title":{"rendered":"Unscribe"},"content":{"rendered":"<p>Umie\u015b\u0107 tutaj sw\u00f3j formularz rezygnacji z subskrypcji.<\/p>","protected":false},"excerpt":{"rendered":"<p>Umie\u015b\u0107 tutaj sw\u00f3j formularz rezygnacji z subskrypcji.<\/p>","protected":false},"author":3,"featured_media":0,"parent":2042,"menu_order":0,"comment_status":"closed","ping_status":"closed","template":"","meta":{"footnotes":""},"class_list":["post-2054","page","type-page","status-publish","hentry"],"_links":{"self":[{"href":"https:\/\/morphcube.pl\/pl\/wp-json\/wp\/v2\/pages\/2054","targetHints":{"allow":["GET"]}}],"collection":[{"href":"https:\/\/morphcube.pl\/pl\/wp-json\/wp\/v2\/pages"}],"about":[{"href":"https:\/\/morphcube.pl\/pl\/wp-json\/wp\/v2\/types\/page"}],"author":[{"embeddable":true,"href":"https:\/\/morphcube.pl\/pl\/wp-json\/wp\/v2\/users\/3"}],"replies":[{"embeddable":true,"href":"https:\/\/morphcube.pl\/pl\/wp-json\/wp\/v2\/comments?post=2054"}],"version-history":[{"count":0,"href":"https:\/\/morphcube.pl\/pl\/wp-json\/wp\/v2\/pages\/2054\/revisions"}],"up":[{"embeddable":true,"href":"https:\/\/morphcube.pl\/pl\/wp-json\/wp\/v2\/pages\/2042"}],"wp:attachment":[{"href":"https:\/\/morphcube.pl\/pl\/wp-json\/wp\/v2\/media?parent=2054"}],"curies":[{"name":"wp","href":"https:\/\/api.w.org\/{rel}","templated":true}]}}