{"id":1219,"date":"2024-12-14T14:10:41","date_gmt":"2024-12-14T14:10:41","guid":{"rendered":"https:\/\/morphcube.pl\/?post_type=product&#038;p=1219"},"modified":"2026-03-29T12:42:46","modified_gmt":"2026-03-29T12:42:46","slug":"cindora","status":"publish","type":"product","link":"https:\/\/morphcube.pl\/pl\/sklep\/morphcube\/budynki-modulowe\/cindora\/","title":{"rendered":"Cindora"},"content":{"rendered":"<p>Cindora, \u015bwiat ostrych kontrast\u00f3w, rozci\u0105ga si\u0119 pod szaro-zielonym niebem, gdzie sama atmosfera wydaje si\u0119 mieni\u0107 nienaturalnym odcieniem. Po\u0142o\u017cona w odleg\u0142ym zak\u0105tku galaktyki planeta jest zar\u00f3wno obietnic\u0105, jak i zagro\u017ceniem. Powietrze, cho\u0107 zdatne do oddychania dla ludzkich p\u0142uc, niesie ze sob\u0105 cienk\u0105 zas\u0142on\u0119 niestabilno\u015bci, kt\u00f3ra sprawia, \u017ce \u017cadna cz\u0119\u015b\u0107 Cindory nie pozostaje ca\u0142kowicie bezpieczna. Jednak w tym niebezpiecze\u0144stwie kryje si\u0119 szansa - szansa dla tych, kt\u00f3rzy s\u0105 wystarczaj\u0105co odwa\u017cni, aby zdoby\u0107 przycz\u00f3\u0142ek na nieokie\u0142znanym \u015bwiecie.<\/p>\n<p>Pierwsze l\u0105dowanie na Cindorze mia\u0142o miejsce w Bazie Cindora, rozleg\u0142ej plac\u00f3wce, kt\u00f3ra od tego czasu sta\u0142a si\u0119 zar\u00f3wno symbolem ludzkich ambicji, jak i schronieniem przed nieprzewidywalnymi zagro\u017ceniami \u015brodowiska. Baza zosta\u0142a zaprojektowana z my\u015bl\u0105 o funkcjonalno\u015bci, a nie formie - zosta\u0142a wzmocniona, aby wytrzyma\u0107 bardziej gwa\u0142towne \u017cywio\u0142y planety. Teren otaczaj\u0105cy baz\u0119 Cindora jest skalisty, z poszarpanymi pasmami g\u00f3rskimi przecinaj\u0105cymi ja\u0142owe r\u00f3wniny i rozleg\u0142ymi lasami poskr\u0119canych, obcych drzew, kt\u00f3re wydaj\u0105 si\u0119 szepta\u0107 na wietrze. Atmosfera, cho\u0107 zdatna do oddychania, niesie ze sob\u0105 wszechobecny szum na\u0142adowanych cz\u0105stek, wype\u0142niaj\u0105c powietrze niesamowitym poczuciem oczekiwania. Wiatry wyj\u0105 nieprzewidywalnie, mog\u0105c zmieni\u0107 kierunek bez ostrze\u017cenia, a pole magnetyczne planety powoduje sporadyczne burze elektryczne, kt\u00f3re mog\u0105 wy\u0142\u0105czy\u0107 ca\u0142e systemy w mgnieniu oka.<br \/>\nHistoria Cindory dopiero si\u0119 zaczyna.<\/p>\n<p>Te budynki HDF s\u0105 fachowo wykonane do gier sto\u0142owych, zaprojektowane tak, aby o\u017cywi\u0107 pole bitwy. Dostarczany w stanie niezmontowanym i niepomalowanym, ka\u017cdy zestaw zapewnia hobbystom mo\u017cliwo\u015b\u0107 spersonalizowania i dostosowania terenu do ich unikalnej wizji. Precyzyjnie wyci\u0119te elementy 188 HDF zapewniaj\u0105 \u0142atwy monta\u017c, umo\u017cliwiaj\u0105c p\u0142ynny proces budowy przy minimalnym wysi\u0142ku. Do budynk\u00f3w do\u0142\u0105czona jest wytrzyma\u0142a tekturowa mata, przedstawiaj\u0105ca biom, w kt\u00f3rym gracze mog\u0105 bra\u0107 udzia\u0142 w taktycznych potyczkach. Idealny dla entuzjast\u00f3w gier wojennych, produkt ten \u0142\u0105czy w sobie funkcjonalno\u015b\u0107 i kreatywno\u015b\u0107, zwi\u0119kszaj\u0105c wra\u017cenia z gry dzi\u0119ki wysokiej jako\u015bci, konfigurowalnemu terenowi. Idealny dla hobbyst\u00f3w pragn\u0105cych stworzy\u0107 dynamiczne i wci\u0105gaj\u0105ce \u015brodowisko dla swoich bitew na stole.<\/p>","protected":false},"excerpt":{"rendered":"<p>Cindora, \u015bwiat ostrych kontrast\u00f3w, rozci\u0105ga si\u0119 pod szaro-zielonym niebem, gdzie sama atmosfera wydaje si\u0119 mieni\u0107 nienaturalnym odcieniem. Po\u0142o\u017cona w odleg\u0142ym zak\u0105tku galaktyki planeta jest zar\u00f3wno obietnic\u0105, jak i zagro\u017ceniem. Powietrze, cho\u0107 zdatne do oddychania dla ludzkich p\u0142uc, niesie ze sob\u0105 cienk\u0105 zas\u0142on\u0119 niestabilno\u015bci, kt\u00f3ra sprawia, \u017ce \u017cadna cz\u0119\u015b\u0107 Cindory nie pozostaje ca\u0142kowicie bezpieczna. Jednak w tym niebezpiecze\u0144stwie kryje si\u0119 szansa - szansa dla tych, kt\u00f3rzy s\u0105 wystarczaj\u0105co odwa\u017cni, aby zdoby\u0107 przycz\u00f3\u0142ek na nieokie\u0142znanym \u015bwiecie.<\/p>","protected":false},"featured_media":1884,"template":"","meta":[],"product_brand":[46],"product_cat":[47],"product_tag":[71],"class_list":{"0":"post-1219","1":"product","2":"type-product","3":"status-publish","4":"has-post-thumbnail","6":"product_brand-morphcube","7":"product_cat-modular-buildings","8":"product_tag-home-featured","10":"first","11":"instock","12":"taxable","13":"shipping-taxable","14":"purchasable","15":"product-type-simple","16":"add-to-wishlist-after_add_to_cart"},"_links":{"self":[{"href":"https:\/\/morphcube.pl\/pl\/wp-json\/wp\/v2\/product\/1219","targetHints":{"allow":["GET"]}}],"collection":[{"href":"https:\/\/morphcube.pl\/pl\/wp-json\/wp\/v2\/product"}],"about":[{"href":"https:\/\/morphcube.pl\/pl\/wp-json\/wp\/v2\/types\/product"}],"version-history":[{"count":3,"href":"https:\/\/morphcube.pl\/pl\/wp-json\/wp\/v2\/product\/1219\/revisions"}],"predecessor-version":[{"id":2729,"href":"https:\/\/morphcube.pl\/pl\/wp-json\/wp\/v2\/product\/1219\/revisions\/2729"}],"wp:featuredmedia":[{"embeddable":true,"href":"https:\/\/morphcube.pl\/pl\/wp-json\/wp\/v2\/media\/1884"}],"wp:attachment":[{"href":"https:\/\/morphcube.pl\/pl\/wp-json\/wp\/v2\/media?parent=1219"}],"wp:term":[{"taxonomy":"product_brand","embeddable":true,"href":"https:\/\/morphcube.pl\/pl\/wp-json\/wp\/v2\/product_brand?post=1219"},{"taxonomy":"product_cat","embeddable":true,"href":"https:\/\/morphcube.pl\/pl\/wp-json\/wp\/v2\/product_cat?post=1219"},{"taxonomy":"product_tag","embeddable":true,"href":"https:\/\/morphcube.pl\/pl\/wp-json\/wp\/v2\/product_tag?post=1219"}],"curies":[{"name":"wp","href":"https:\/\/api.w.org\/{rel}","templated":true}]}}