{"id":1971,"date":"2022-08-05T07:22:54","date_gmt":"2022-08-05T07:22:54","guid":{"rendered":"https:\/\/morphcube.pl\/?post_type=product&#038;p=1971"},"modified":"2026-04-02T11:53:16","modified_gmt":"2026-04-02T11:53:16","slug":"latwe-wyrownywanie-darmowych-plikow-stl","status":"publish","type":"product","link":"https:\/\/morphcube.pl\/pl\/sklep\/morphcube\/latwe-wyrownanie\/latwe-wyrownywanie-darmowych-plikow-stl\/","title":{"rendered":"Easy Align - darmowe pliki STL"},"content":{"rendered":"<p>EasyAligne upraszcza proces monta\u017cu z\u0142o\u017conych komponent\u00f3w budowlanych, u\u0142atwiaj\u0105c u\u017cytkownikom tworzenie skomplikowanych struktur z precyzj\u0105 i \u0142atwo\u015bci\u0105. Dost\u0119pny w dw\u00f3ch wersjach, darmowej i p\u0142atnej, EasyAligne oferuje elastyczne opcje dla ka\u017cdej potrzeby.<\/p>\n<p>Wersja darmowa zapewnia klientom pliki STL do pobrania do druku 3D, dost\u0119pne po zapisaniu si\u0119 na list\u0119 mailingow\u0105. Wraz z pojawieniem si\u0119 nowych szablon\u00f3w EasyAligne, subskrybenci otrzymaj\u0105 powiadomienia z zaktualizowanymi plikami STL, dzi\u0119ki czemu b\u0119d\u0105 na bie\u017c\u0105co z najnowszymi projektami.<br \/>\nWersja p\u0142atna oferuje fizyczne szablony EasyAligne, wyprodukowane przy u\u017cyciu technologii druku FDM. Te trwa\u0142e, wst\u0119pnie wydrukowane prowadnice pomagaj\u0105 usprawni\u0107 monta\u017c, zapewniaj\u0105c praktyczne rozwi\u0105zanie dla u\u017cytkownik\u00f3w, kt\u00f3rzy preferuj\u0105 namacalne narz\u0119dzia do precyzyjnego wyr\u00f3wnania.<\/p>\n<p>Niezale\u017cnie od tego, czy zdecydujesz si\u0119 na cyfrow\u0105 wygod\u0119, czy fizyczn\u0105 dok\u0142adno\u015b\u0107, EasyAligne zwi\u0119ksza komfort budowania, sprawiaj\u0105c, \u017ce z\u0142o\u017cone zadania monta\u017cowe s\u0105 proste i wydajne.<\/p>","protected":false},"excerpt":{"rendered":"<p>EasyAligne upraszcza proces monta\u017cu z\u0142o\u017conych komponent\u00f3w budowlanych, u\u0142atwiaj\u0105c u\u017cytkownikom tworzenie skomplikowanych struktur z precyzj\u0105 i \u0142atwo\u015bci\u0105. Dost\u0119pny w dw\u00f3ch wersjach, darmowej i p\u0142atnej, EasyAligne oferuje elastyczne opcje dla ka\u017cdej potrzeby.<\/p>","protected":false},"featured_media":1934,"template":"","meta":[],"product_brand":[46],"product_cat":[48,58,50],"product_tag":[],"class_list":{"0":"post-1971","1":"product","2":"type-product","3":"status-publish","4":"has-post-thumbnail","6":"product_brand-morphcube","7":"product_cat-easy-align","8":"product_cat-free-downloads","9":"product_cat-printables","11":"first","12":"instock","13":"downloadable","14":"virtual","15":"sold-individually","16":"purchasable","17":"product-type-simple","18":"add-to-wishlist-after_add_to_cart"},"_links":{"self":[{"href":"https:\/\/morphcube.pl\/pl\/wp-json\/wp\/v2\/product\/1971","targetHints":{"allow":["GET"]}}],"collection":[{"href":"https:\/\/morphcube.pl\/pl\/wp-json\/wp\/v2\/product"}],"about":[{"href":"https:\/\/morphcube.pl\/pl\/wp-json\/wp\/v2\/types\/product"}],"version-history":[{"count":2,"href":"https:\/\/morphcube.pl\/pl\/wp-json\/wp\/v2\/product\/1971\/revisions"}],"predecessor-version":[{"id":2667,"href":"https:\/\/morphcube.pl\/pl\/wp-json\/wp\/v2\/product\/1971\/revisions\/2667"}],"wp:featuredmedia":[{"embeddable":true,"href":"https:\/\/morphcube.pl\/pl\/wp-json\/wp\/v2\/media\/1934"}],"wp:attachment":[{"href":"https:\/\/morphcube.pl\/pl\/wp-json\/wp\/v2\/media?parent=1971"}],"wp:term":[{"taxonomy":"product_brand","embeddable":true,"href":"https:\/\/morphcube.pl\/pl\/wp-json\/wp\/v2\/product_brand?post=1971"},{"taxonomy":"product_cat","embeddable":true,"href":"https:\/\/morphcube.pl\/pl\/wp-json\/wp\/v2\/product_cat?post=1971"},{"taxonomy":"product_tag","embeddable":true,"href":"https:\/\/morphcube.pl\/pl\/wp-json\/wp\/v2\/product_tag?post=1971"}],"curies":[{"name":"wp","href":"https:\/\/api.w.org\/{rel}","templated":true}]}}