{"id":2839,"date":"2026-01-08T02:34:09","date_gmt":"2026-01-08T02:34:09","guid":{"rendered":"https:\/\/morphcube.pl\/?post_type=product&#038;p=2839"},"modified":"2026-02-09T16:33:19","modified_gmt":"2026-02-09T16:33:19","slug":"koalicja-frakcji-theion-starter","status":"publish","type":"product","link":"https:\/\/morphcube.pl\/pl\/sklep\/kroniki-eldfall\/koalicja-zwiazku\/koalicja-frakcji-theion-starter\/","title":{"rendered":"Koalicja Thenion - Starter frakcji"},"content":{"rendered":"<p>Zestaw startowy dla 2 graczy Coalition of Thenion vs Sand Kingdoms to idealny punkt wej\u015bcia do \u015bwiata Kronik Eldfall. Zaprojektowany z my\u015bl\u0105 zar\u00f3wno o nowych graczach, jak i weteranach, zestaw ten zapewnia w pe\u0142ni zbalansowan\u0105 rozgrywk\u0119 typu head-to-head od razu po wyj\u0119ciu z pude\u0142ka.<\/p>\n<p>W \u015brodku znajdziesz dwie kompletne i w pe\u0142ni grywalne frakcje, z kt\u00f3rych ka\u017cda ma sw\u00f3j w\u0142asny styl gry, mocne strony i to\u017csamo\u015b\u0107 taktyczn\u0105. Koalicja Thenion stawia na dyscyplin\u0119, koordynacj\u0119 i kontrol\u0119 pola bitwy, podczas gdy Piaskowe Kr\u00f3lestwa preferuj\u0105 agresj\u0119, mobilno\u015b\u0107 i potworn\u0105 si\u0142\u0119.<\/p>\n<p><strong>Ten zestaw startowy zawiera:<\/strong><\/p>\n<ul>\n<li>Dwie kompletne grupy bojowe<\/li>\n<li>Podstawowe zasady i elementy rozgrywki<\/li>\n<li>\u017betony, karty i akcesoria wymagane do gry<\/li>\n<li>Usprawnione do\u015bwiadczenie edukacyjne do rywalizacji w potyczkach<\/li>\n<\/ul>\n<p>Wszystkie figurki s\u0105 wykonane z twardego plastiku Unicool, oferuj\u0105c wyj\u0105tkow\u0105 szczeg\u00f3\u0142owo\u015b\u0107 i trwa\u0142o\u015b\u0107 zar\u00f3wno w grach, jak i do u\u017cytku hobbystycznego. Zestaw jest w pe\u0142ni kompatybilny ze wszystkimi rozszerzeniami, wzmocnieniami i kampaniami narracyjnymi Eldfall Chronicles.<\/p>\n<p>Idealny do nauki zasad, gier demo lub rozpocz\u0119cia d\u0142ugoterminowej kolekcji.<\/p>","protected":false},"excerpt":{"rendered":"<p>Kompletny zestaw startowy dla dw\u00f3ch graczy do gry Eldfall Chronicles, w kt\u00f3rym zdyscyplinowana Koalicja Thenion zmierzy si\u0119 z bezwzgl\u0119dnymi Piaskowymi Kr\u00f3lestwami. Zawiera wszystko, co potrzebne do natychmiastowego rozpocz\u0119cia gry.<\/p>","protected":false},"featured_media":2840,"template":"","meta":[],"product_brand":[60],"product_cat":[62,61],"product_tag":[],"class_list":{"0":"post-2839","1":"product","2":"type-product","3":"status-publish","4":"has-post-thumbnail","6":"product_brand-eldfall-chronicles","7":"product_cat-coalition-of-thenion","8":"product_cat-eldfall-chronicles","10":"first","11":"outofstock","12":"taxable","13":"shipping-taxable","14":"purchasable","15":"product-type-simple","16":"add-to-wishlist-after_add_to_cart"},"_links":{"self":[{"href":"https:\/\/morphcube.pl\/pl\/wp-json\/wp\/v2\/product\/2839","targetHints":{"allow":["GET"]}}],"collection":[{"href":"https:\/\/morphcube.pl\/pl\/wp-json\/wp\/v2\/product"}],"about":[{"href":"https:\/\/morphcube.pl\/pl\/wp-json\/wp\/v2\/types\/product"}],"version-history":[{"count":3,"href":"https:\/\/morphcube.pl\/pl\/wp-json\/wp\/v2\/product\/2839\/revisions"}],"predecessor-version":[{"id":3089,"href":"https:\/\/morphcube.pl\/pl\/wp-json\/wp\/v2\/product\/2839\/revisions\/3089"}],"wp:featuredmedia":[{"embeddable":true,"href":"https:\/\/morphcube.pl\/pl\/wp-json\/wp\/v2\/media\/2840"}],"wp:attachment":[{"href":"https:\/\/morphcube.pl\/pl\/wp-json\/wp\/v2\/media?parent=2839"}],"wp:term":[{"taxonomy":"product_brand","embeddable":true,"href":"https:\/\/morphcube.pl\/pl\/wp-json\/wp\/v2\/product_brand?post=2839"},{"taxonomy":"product_cat","embeddable":true,"href":"https:\/\/morphcube.pl\/pl\/wp-json\/wp\/v2\/product_cat?post=2839"},{"taxonomy":"product_tag","embeddable":true,"href":"https:\/\/morphcube.pl\/pl\/wp-json\/wp\/v2\/product_tag?post=2839"}],"curies":[{"name":"wp","href":"https:\/\/api.w.org\/{rel}","templated":true}]}}