{"id":2843,"date":"2026-01-08T03:07:24","date_gmt":"2026-01-08T03:07:24","guid":{"rendered":"https:\/\/morphcube.pl\/?post_type=product&#038;p=2843"},"modified":"2026-02-09T16:31:39","modified_gmt":"2026-02-09T16:31:39","slug":"pakiet-wzmocnien-queens-blade","status":"publish","type":"product","link":"https:\/\/morphcube.pl\/pl\/sklep\/kroniki-eldfall\/koalicja-zwiazku\/pakiet-wzmocnien-queens-blade\/","title":{"rendered":"Pakiet wzmocnie\u0144 - Ostrze Kr\u00f3lowej"},"content":{"rendered":"<p>Pakiet posi\u0142k\u00f3w Queen's Blade rozszerza koalicj\u0119 Thenion o elitarnych wojownik\u00f3w i wyspecjalizowane jednostki zaprojektowane w celu zwi\u0119kszenia kontroli nad polem bitwy i precyzyjnych uderze\u0144.<\/p>\n<p>Wzmocnienia te wprowadzaj\u0105 nowe narz\u0119dzia taktyczne, kt\u00f3re pozwalaj\u0105 dow\u00f3dcom koalicji dostosowa\u0107 si\u0119 do r\u00f3\u017cnych scenariuszy, przeciwdzia\u0142a\u0107 konkretnym zagro\u017ceniom i pog\u0142\u0119bia\u0107 strategiczn\u0105 to\u017csamo\u015b\u0107 ich frakcji. Niezale\u017cnie od tego, czy chodzi o wzmocnienie linii obronnych, czy przeprowadzenie decyduj\u0105cego kontrataku, jednostki Queen's Blade nagradzaj\u0105 staranne pozycjonowanie i synergi\u0119.<\/p>\n<p><strong>Ten pakiet:<\/strong><\/p>\n<ul>\n<li>Rozszerza frakcj\u0119 Koalicji Thenion.<\/li>\n<li>Dodaje nowe opcje jednostek i elastyczno\u015b\u0107 taktyczn\u0105<\/li>\n<li>Jest w pe\u0142ni kompatybilny z trybami potyczki i pe\u0142zania po lochach.<\/li>\n<\/ul>\n<p>Doskona\u0142y dodatek dla graczy, kt\u00f3rzy chc\u0105 udoskonali\u0107 sw\u00f3j koalicyjny zesp\u00f3\u0142 wojenny i pozna\u0107 bardziej zaawansowane strategie rozgrywki.<\/p>","protected":false},"excerpt":{"rendered":"<p>Elitarny pakiet wzmacniaj\u0105cy dla Koalicji Thenion, dodaj\u0105cy zab\u00f3jczych specjalist\u00f3w i rozszerzone opcje taktyczne do twojego zespo\u0142u wojennego.<\/p>","protected":false},"featured_media":2846,"template":"","meta":[],"product_brand":[60],"product_cat":[62,61,67],"product_tag":[],"class_list":{"0":"post-2843","1":"product","2":"type-product","3":"status-publish","4":"has-post-thumbnail","6":"product_brand-eldfall-chronicles","7":"product_cat-coalition-of-thenion","8":"product_cat-eldfall-chronicles","9":"product_cat-reinforcement-packs","11":"first","12":"instock","13":"taxable","14":"shipping-taxable","15":"purchasable","16":"product-type-simple","17":"add-to-wishlist-after_add_to_cart"},"_links":{"self":[{"href":"https:\/\/morphcube.pl\/pl\/wp-json\/wp\/v2\/product\/2843","targetHints":{"allow":["GET"]}}],"collection":[{"href":"https:\/\/morphcube.pl\/pl\/wp-json\/wp\/v2\/product"}],"about":[{"href":"https:\/\/morphcube.pl\/pl\/wp-json\/wp\/v2\/types\/product"}],"version-history":[{"count":3,"href":"https:\/\/morphcube.pl\/pl\/wp-json\/wp\/v2\/product\/2843\/revisions"}],"predecessor-version":[{"id":2852,"href":"https:\/\/morphcube.pl\/pl\/wp-json\/wp\/v2\/product\/2843\/revisions\/2852"}],"wp:featuredmedia":[{"embeddable":true,"href":"https:\/\/morphcube.pl\/pl\/wp-json\/wp\/v2\/media\/2846"}],"wp:attachment":[{"href":"https:\/\/morphcube.pl\/pl\/wp-json\/wp\/v2\/media?parent=2843"}],"wp:term":[{"taxonomy":"product_brand","embeddable":true,"href":"https:\/\/morphcube.pl\/pl\/wp-json\/wp\/v2\/product_brand?post=2843"},{"taxonomy":"product_cat","embeddable":true,"href":"https:\/\/morphcube.pl\/pl\/wp-json\/wp\/v2\/product_cat?post=2843"},{"taxonomy":"product_tag","embeddable":true,"href":"https:\/\/morphcube.pl\/pl\/wp-json\/wp\/v2\/product_tag?post=2843"}],"curies":[{"name":"wp","href":"https:\/\/api.w.org\/{rel}","templated":true}]}}