{"id":2853,"date":"2026-01-08T03:13:58","date_gmt":"2026-01-08T03:13:58","guid":{"rendered":"https:\/\/morphcube.pl\/?post_type=product&#038;p=2853"},"modified":"2026-02-09T16:36:15","modified_gmt":"2026-02-09T16:36:15","slug":"zywiolaki-ziemi","status":"publish","type":"product","link":"https:\/\/morphcube.pl\/pl\/sklep\/kroniki-eldfall\/stworzenia\/zywiolaki-ziemi\/","title":{"rendered":"\u017bywio\u0142aki Ziemi"},"content":{"rendered":"<p>\u017bywio\u0142aki ziemi uosabiaj\u0105 surow\u0105 moc \u017cywio\u0142\u00f3w, s\u0142u\u017c\u0105c jako niszczycielskie si\u0142y na polu bitwy. Ich ogromna si\u0142a i odporno\u015b\u0107 sprawiaj\u0105, \u017ce idealnie nadaj\u0105 si\u0119 do scenariuszy, kt\u00f3re k\u0142ad\u0105 nacisk na kontrol\u0119 obszaru i walk\u0119 z du\u017cym impetem.<\/p>\n<p><strong>Stworzenia te szczeg\u00f3lnie dobrze nadaj\u0105 si\u0119 do:<\/strong><\/p>\n<ul>\n<li>Kooperacyjne spotkania PvE<\/li>\n<li>Kampanie pe\u0142zaj\u0105ce po lochach<\/li>\n<li>Scenariusze narracyjne obejmuj\u0105ce wezwania lub zagro\u017cenia \u015brodowiskowe<\/li>\n<\/ul>\n<p>\u017bywio\u0142aki Ziemi dodaj\u0105 skali i niebezpiecze\u0144stwa do ka\u017cdej gry, stawiaj\u0105c przed graczami wyzwanie dostosowania taktyki i pozycjonowania, aby pokona\u0107 te \u017cywe wcielenia kamienia i furii.<\/p>","protected":false},"excerpt":{"rendered":"<p>Pot\u0119\u017cne stworzenia \u017cywio\u0142\u00f3w, kt\u00f3re zapewniaj\u0105 surow\u0105 si\u0142\u0119 i kontrol\u0119 pola bitwy w Eldfall Chronicles, idealne do gry PvE i narracyjnej.<\/p>","protected":false},"featured_media":2854,"template":"","meta":[],"product_brand":[60],"product_cat":[63,61],"product_tag":[],"class_list":{"0":"post-2853","1":"product","2":"type-product","3":"status-publish","4":"has-post-thumbnail","6":"product_brand-eldfall-chronicles","7":"product_cat-creatures","8":"product_cat-eldfall-chronicles","10":"first","11":"outofstock","12":"taxable","13":"shipping-taxable","14":"purchasable","15":"product-type-simple","16":"add-to-wishlist-after_add_to_cart"},"_links":{"self":[{"href":"https:\/\/morphcube.pl\/pl\/wp-json\/wp\/v2\/product\/2853","targetHints":{"allow":["GET"]}}],"collection":[{"href":"https:\/\/morphcube.pl\/pl\/wp-json\/wp\/v2\/product"}],"about":[{"href":"https:\/\/morphcube.pl\/pl\/wp-json\/wp\/v2\/types\/product"}],"version-history":[{"count":1,"href":"https:\/\/morphcube.pl\/pl\/wp-json\/wp\/v2\/product\/2853\/revisions"}],"predecessor-version":[{"id":2855,"href":"https:\/\/morphcube.pl\/pl\/wp-json\/wp\/v2\/product\/2853\/revisions\/2855"}],"wp:featuredmedia":[{"embeddable":true,"href":"https:\/\/morphcube.pl\/pl\/wp-json\/wp\/v2\/media\/2854"}],"wp:attachment":[{"href":"https:\/\/morphcube.pl\/pl\/wp-json\/wp\/v2\/media?parent=2853"}],"wp:term":[{"taxonomy":"product_brand","embeddable":true,"href":"https:\/\/morphcube.pl\/pl\/wp-json\/wp\/v2\/product_brand?post=2853"},{"taxonomy":"product_cat","embeddable":true,"href":"https:\/\/morphcube.pl\/pl\/wp-json\/wp\/v2\/product_cat?post=2853"},{"taxonomy":"product_tag","embeddable":true,"href":"https:\/\/morphcube.pl\/pl\/wp-json\/wp\/v2\/product_tag?post=2853"}],"curies":[{"name":"wp","href":"https:\/\/api.w.org\/{rel}","templated":true}]}}