{"id":2861,"date":"2026-01-08T03:22:26","date_gmt":"2026-01-08T03:22:26","guid":{"rendered":"https:\/\/morphcube.pl\/?post_type=product&#038;p=2861"},"modified":"2026-02-09T16:35:40","modified_gmt":"2026-02-09T16:35:40","slug":"gargulce","status":"publish","type":"product","link":"https:\/\/morphcube.pl\/pl\/sklep\/kroniki-eldfall\/stworzenia\/gargulce\/","title":{"rendered":"Gargulce"},"content":{"rendered":"<p>Gargulce wnosz\u0105 do Eldfall Chronicles wyj\u0105tkow\u0105 obecno\u015b\u0107 na polu bitwy, \u0142\u0105cz\u0105c w sobie mobilno\u015b\u0107, wytrzyma\u0142o\u015b\u0107 i zastraszanie. Cz\u0119sto u\u017cywane jako stra\u017cnicy lub przywo\u0142ane horrory, zmuszaj\u0105 graczy do ponownego przemy\u015blenia pozycjonowania i ustalania priorytet\u00f3w zagro\u017ce\u0144.<\/p>\n<p><strong>Stworzenia te s\u0105 szczeg\u00f3lnie skuteczne w:<\/strong><\/p>\n<ul>\n<li>Scenariusze pe\u0142zania po lochach<\/li>\n<li>Gra narracyjna i kooperacyjna<\/li>\n<li>Spotkania obejmuj\u0105ce pionowy teren i wyzwania zwi\u0105zane z lini\u0105 wzroku<\/li>\n<\/ul>\n<p>Gargulce dodaj\u0105 napi\u0119cia i spektakularno\u015bci na stole, czyni\u0105c z nich pot\u0119\u017cne narz\u0119dzie zar\u00f3wno dla Mistrz\u00f3w Gry, jak i projektant\u00f3w scenariuszy.<\/p>","protected":false},"excerpt":{"rendered":"<p>Z\u0142owieszczy kamienni stra\u017cnicy, kt\u00f3rzy dodaj\u0105 zagro\u017cenie z powietrza i dynamiczny ruch do star\u0107 w Eldfall Chronicles.<\/p>","protected":false},"featured_media":2862,"template":"","meta":[],"product_brand":[60],"product_cat":[63,61],"product_tag":[],"class_list":{"0":"post-2861","1":"product","2":"type-product","3":"status-publish","4":"has-post-thumbnail","6":"product_brand-eldfall-chronicles","7":"product_cat-creatures","8":"product_cat-eldfall-chronicles","10":"first","11":"outofstock","12":"taxable","13":"shipping-taxable","14":"purchasable","15":"product-type-simple","16":"add-to-wishlist-after_add_to_cart"},"_links":{"self":[{"href":"https:\/\/morphcube.pl\/pl\/wp-json\/wp\/v2\/product\/2861","targetHints":{"allow":["GET"]}}],"collection":[{"href":"https:\/\/morphcube.pl\/pl\/wp-json\/wp\/v2\/product"}],"about":[{"href":"https:\/\/morphcube.pl\/pl\/wp-json\/wp\/v2\/types\/product"}],"version-history":[{"count":1,"href":"https:\/\/morphcube.pl\/pl\/wp-json\/wp\/v2\/product\/2861\/revisions"}],"predecessor-version":[{"id":2863,"href":"https:\/\/morphcube.pl\/pl\/wp-json\/wp\/v2\/product\/2861\/revisions\/2863"}],"wp:featuredmedia":[{"embeddable":true,"href":"https:\/\/morphcube.pl\/pl\/wp-json\/wp\/v2\/media\/2862"}],"wp:attachment":[{"href":"https:\/\/morphcube.pl\/pl\/wp-json\/wp\/v2\/media?parent=2861"}],"wp:term":[{"taxonomy":"product_brand","embeddable":true,"href":"https:\/\/morphcube.pl\/pl\/wp-json\/wp\/v2\/product_brand?post=2861"},{"taxonomy":"product_cat","embeddable":true,"href":"https:\/\/morphcube.pl\/pl\/wp-json\/wp\/v2\/product_cat?post=2861"},{"taxonomy":"product_tag","embeddable":true,"href":"https:\/\/morphcube.pl\/pl\/wp-json\/wp\/v2\/product_tag?post=2861"}],"curies":[{"name":"wp","href":"https:\/\/api.w.org\/{rel}","templated":true}]}}