{"id":2867,"date":"2026-01-08T13:54:38","date_gmt":"2026-01-08T13:54:38","guid":{"rendered":"https:\/\/morphcube.pl\/?post_type=product&#038;p=2867"},"modified":"2026-02-09T16:30:57","modified_gmt":"2026-02-09T16:30:57","slug":"starter-frakcji-imperium-soga","status":"publish","type":"product","link":"https:\/\/morphcube.pl\/pl\/sklep\/kroniki-eldfall\/imperium-soga\/starter-frakcji-imperium-soga\/","title":{"rendered":"Imperium Sogi - Starter frakcji"},"content":{"rendered":"<p>Starter frakcji Imperium Sogi wprowadza graczy do jednej z najbardziej kultowych i odpornych si\u0142 w Eldfall Chronicles. Zakorzenione w tradycji i zahartowane przez dziesi\u0119ciolecia wojen, Imperium nagradza zdolno\u015b\u0107 adaptacji, pozycjonowanie i zdecydowane ataki.<\/p>\n<p><strong>Ten zestaw startowy zawiera:<\/strong><\/p>\n<ul>\n<li>W pe\u0142ni grywalny zesp\u00f3\u0142 wojenny Empire of Soga<\/li>\n<li>Odr\u0119bna mechanika i zdolno\u015bci frakcji<\/li>\n<li>Bezproblemowa kompatybilno\u015b\u0107 ze wszystkimi trybami gry Eldfall Chronicles<\/li>\n<\/ul>\n<p>Imperium Sogi wyr\u00f3\u017cnia si\u0119 zr\u00f3wnowa\u017con\u0105 rozgrywk\u0105, dzi\u0119ki czemu jest doskona\u0142ym wyborem zar\u00f3wno dla nowych, jak i do\u015bwiadczonych graczy. Niezale\u017cnie od tego, czy chodzi o rywalizacj\u0119 w potyczkach, czy o narracyjne scenariusze w lochach, frakcja ta oferuje g\u0142\u0119bi\u0119, elastyczno\u015b\u0107 i d\u0142ugoterminow\u0105 mo\u017cliwo\u015b\u0107 rozbudowy.<\/p>","protected":false},"excerpt":{"rendered":"<p>Dow\u00f3d\u017a wojownikami Imperium Sogi w tym kompletnym zestawie startowym frakcji. Wszechstronna i taktyczna si\u0142a ukszta\u0142towana przez honor, wytrzyma\u0142o\u015b\u0107 i precyzj\u0119.<\/p>","protected":false},"featured_media":2868,"template":"","meta":[],"product_brand":[60],"product_cat":[61,64],"product_tag":[],"class_list":{"0":"post-2867","1":"product","2":"type-product","3":"status-publish","4":"has-post-thumbnail","6":"product_brand-eldfall-chronicles","7":"product_cat-eldfall-chronicles","8":"product_cat-empire-of-soga","10":"first","11":"outofstock","12":"taxable","13":"shipping-taxable","14":"purchasable","15":"product-type-simple","16":"add-to-wishlist-after_add_to_cart"},"_links":{"self":[{"href":"https:\/\/morphcube.pl\/pl\/wp-json\/wp\/v2\/product\/2867","targetHints":{"allow":["GET"]}}],"collection":[{"href":"https:\/\/morphcube.pl\/pl\/wp-json\/wp\/v2\/product"}],"about":[{"href":"https:\/\/morphcube.pl\/pl\/wp-json\/wp\/v2\/types\/product"}],"version-history":[{"count":1,"href":"https:\/\/morphcube.pl\/pl\/wp-json\/wp\/v2\/product\/2867\/revisions"}],"predecessor-version":[{"id":2870,"href":"https:\/\/morphcube.pl\/pl\/wp-json\/wp\/v2\/product\/2867\/revisions\/2870"}],"wp:featuredmedia":[{"embeddable":true,"href":"https:\/\/morphcube.pl\/pl\/wp-json\/wp\/v2\/media\/2868"}],"wp:attachment":[{"href":"https:\/\/morphcube.pl\/pl\/wp-json\/wp\/v2\/media?parent=2867"}],"wp:term":[{"taxonomy":"product_brand","embeddable":true,"href":"https:\/\/morphcube.pl\/pl\/wp-json\/wp\/v2\/product_brand?post=2867"},{"taxonomy":"product_cat","embeddable":true,"href":"https:\/\/morphcube.pl\/pl\/wp-json\/wp\/v2\/product_cat?post=2867"},{"taxonomy":"product_tag","embeddable":true,"href":"https:\/\/morphcube.pl\/pl\/wp-json\/wp\/v2\/product_tag?post=2867"}],"curies":[{"name":"wp","href":"https:\/\/api.w.org\/{rel}","templated":true}]}}