{"id":2889,"date":"2026-01-19T23:19:58","date_gmt":"2026-01-19T23:19:58","guid":{"rendered":"https:\/\/morphcube.pl\/?post_type=product&#038;p=2889"},"modified":"2026-02-09T16:30:34","modified_gmt":"2026-02-09T16:30:34","slug":"starter-frakcji-ligi-helian","status":"publish","type":"product","link":"https:\/\/morphcube.pl\/pl\/sklep\/kroniki-eldfall\/helian-laugue\/starter-frakcji-ligi-helian\/","title":{"rendered":"Helian League - Starter frakcji"},"content":{"rendered":"<p>Starter frakcji Liga Helian wprowadza jedn\u0105 z najbardziej wyrafinowanych i zaawansowanych technicznie si\u0142 w Eldfall Chronicles. Helian League wyr\u00f3\u017cnia si\u0119 szybko\u015bci\u0105, precyzj\u0105 i inteligentn\u0105 manipulacj\u0105 na polu bitwy, nagradzaj\u0105c graczy, kt\u00f3rzy ceni\u0105 sobie pozycjonowanie, wyczucie czasu i taktyczne przewidywanie.<\/p>\n<p>Zamiast polega\u0107 na brutalnej sile, Helian League dominuje na polu bitwy, kontroluj\u0105c kluczowe strefy, manewruj\u0105c przeciwnikami i uderzaj\u0105c dok\u0142adnie tam, gdzie boli najbardziej. Ich jednostki dzia\u0142aj\u0105 najlepiej, gdy s\u0105 skoordynowane, pozwalaj\u0105c wykwalifikowanym graczom dyktowa\u0107 przebieg gry i dynamicznie reagowa\u0107 na zmieniaj\u0105ce si\u0119 zagro\u017cenia.<\/p>\n<p><strong>Ten zestaw startowy frakcji zawiera:<\/strong><\/p>\n<ul>\n<li>Kompletny, w pe\u0142ni grywalny zesp\u00f3\u0142 wojenny Helian League<\/li>\n<li>Unikalne zasady frakcji koncentruj\u0105 si\u0119 na kontroli, wydajno\u015bci i mobilno\u015bci.<\/li>\n<li>Pe\u0142na kompatybilno\u015b\u0107 z potyczkami i kampaniami typu dungeon-crawl.<\/li>\n<\/ul>\n<p>Helian League jest doskona\u0142ym wyborem dla do\u015bwiadczonych graczy szukaj\u0105cych g\u0142\u0119bi i mistrzostwa, pozostaj\u0105c jednocze\u015bnie przyst\u0119pnym dla nowicjuszy, kt\u00f3rzy lubi\u0105 uczy\u0107 si\u0119 wielowarstwowej mechaniki. Opask\u0119 wojenn\u0105 mo\u017cna rozszerzy\u0107 za pomoc\u0105 pakiet\u00f3w wzmacniaj\u0105cych i tre\u015bci narracyjnych, aby odblokowa\u0107 jeszcze wi\u0119cej opcji taktycznych.<\/p>","protected":false},"excerpt":{"rendered":"<p>Starter elitarnej frakcji dla Ligi Helia\u0144skiej, \u0142\u0105cz\u0105cy szybko\u015b\u0107, precyzj\u0119 i zaawansowan\u0105 kontrol\u0119 nad polem bitwy. Idealny dla graczy preferuj\u0105cych taktyczn\u0105 finezj\u0119 i mobilno\u015b\u0107.<\/p>","protected":false},"featured_media":2920,"template":"","meta":[],"product_brand":[60],"product_cat":[61,65],"product_tag":[],"class_list":{"0":"post-2889","1":"product","2":"type-product","3":"status-publish","4":"has-post-thumbnail","6":"product_brand-eldfall-chronicles","7":"product_cat-eldfall-chronicles","8":"product_cat-helian-laugue","10":"first","11":"outofstock","12":"taxable","13":"shipping-taxable","14":"purchasable","15":"product-type-simple","16":"add-to-wishlist-after_add_to_cart"},"_links":{"self":[{"href":"https:\/\/morphcube.pl\/pl\/wp-json\/wp\/v2\/product\/2889","targetHints":{"allow":["GET"]}}],"collection":[{"href":"https:\/\/morphcube.pl\/pl\/wp-json\/wp\/v2\/product"}],"about":[{"href":"https:\/\/morphcube.pl\/pl\/wp-json\/wp\/v2\/types\/product"}],"version-history":[{"count":3,"href":"https:\/\/morphcube.pl\/pl\/wp-json\/wp\/v2\/product\/2889\/revisions"}],"predecessor-version":[{"id":2924,"href":"https:\/\/morphcube.pl\/pl\/wp-json\/wp\/v2\/product\/2889\/revisions\/2924"}],"wp:featuredmedia":[{"embeddable":true,"href":"https:\/\/morphcube.pl\/pl\/wp-json\/wp\/v2\/media\/2920"}],"wp:attachment":[{"href":"https:\/\/morphcube.pl\/pl\/wp-json\/wp\/v2\/media?parent=2889"}],"wp:term":[{"taxonomy":"product_brand","embeddable":true,"href":"https:\/\/morphcube.pl\/pl\/wp-json\/wp\/v2\/product_brand?post=2889"},{"taxonomy":"product_cat","embeddable":true,"href":"https:\/\/morphcube.pl\/pl\/wp-json\/wp\/v2\/product_cat?post=2889"},{"taxonomy":"product_tag","embeddable":true,"href":"https:\/\/morphcube.pl\/pl\/wp-json\/wp\/v2\/product_tag?post=2889"}],"curies":[{"name":"wp","href":"https:\/\/api.w.org\/{rel}","templated":true}]}}