{"id":2926,"date":"2026-01-20T01:55:04","date_gmt":"2026-01-20T01:55:04","guid":{"rendered":"https:\/\/morphcube.pl\/?post_type=product&#038;p=2926"},"modified":"2026-04-01T13:34:12","modified_gmt":"2026-04-01T13:34:12","slug":"rdzen","status":"publish","type":"product","link":"https:\/\/morphcube.pl\/pl\/sklep\/kroniki-eldfall\/polnocny-wiatr\/rdzen\/","title":{"rendered":"Core Box: P\u00f3\u0142nocny Wiatr"},"content":{"rendered":"<p>Northern Wind - Core Box to pierwsza dedykowana kampania dungeon-crawl dla Eldfall Chronicles, oferuj\u0105ca g\u0142\u0119boko wci\u0105gaj\u0105ce do\u015bwiadczenie kooperacyjne nap\u0119dzane wyborem narracji, taktyczn\u0105 walk\u0105 i post\u0119pem postaci.<\/p>\n<p>Gracze tworz\u0105 dru\u017cyn\u0119 sk\u0142adaj\u0105c\u0105 si\u0119 z czterech bohater\u00f3w, kt\u00f3rych zadaniem jest niebezpieczne wej\u015bcie na g\u00f3r\u0119 By\u014dd\u014d, \u015bcigaj\u0105c si\u0119 z czasem, gdy ich decyzje kszta\u0142tuj\u0105 rozwijaj\u0105c\u0105 si\u0119 histori\u0119 i okre\u015blaj\u0105 jedno z wielu zako\u0144cze\u0144 kampanii. Gra \u0142\u0105czy system walki Eldfall z eksploracj\u0105 loch\u00f3w opart\u0105 na kafelkach, usuwaj\u0105c pomiary i zachowuj\u0105c taktyczn\u0105 g\u0142\u0119bi\u0119.<\/p>\n<p><strong>Core Box zawiera:<\/strong><\/p>\n<ul>\n<li>Kompletna, kooperacyjna kampania typu dungeon-crawl<\/li>\n<li>Eksploracja oparta na kafelkach i projektowanie scenariuszy<\/li>\n<li>Ujednolicone zasady kompatybilne z rozgrywk\u0105 potyczki<\/li>\n<li>G\u0142\u0119boki post\u0119p narracji z rozga\u0142\u0119ziaj\u0105cymi si\u0119 wynikami<\/li>\n<\/ul>\n<p>W Northern Wind mo\u017cna gra\u0107 w kooperacji lub solo i p\u0142ynnie integruje si\u0119 z figurkami, frakcjami i rozszerzeniami Eldfall Chronicles.<\/p>","protected":false},"excerpt":{"rendered":"<p>Pierwsza pe\u0142na kampania dungeon-crawl dla Eldfall Chronicles, zapewniaj\u0105ca kooperacyjn\u0105, fabularn\u0105 przygod\u0119 osadzon\u0105 na mro\u017anej p\u00f3\u0142nocy.<\/p>","protected":false},"featured_media":2929,"template":"","meta":[],"product_brand":[60],"product_cat":[61,66],"product_tag":[71],"class_list":{"0":"post-2926","1":"product","2":"type-product","3":"status-publish","4":"has-post-thumbnail","6":"product_brand-eldfall-chronicles","7":"product_cat-eldfall-chronicles","8":"product_cat-northern-wind","9":"product_tag-home-featured","11":"first","12":"outofstock","13":"taxable","14":"shipping-taxable","15":"purchasable","16":"product-type-simple","17":"add-to-wishlist-after_add_to_cart"},"_links":{"self":[{"href":"https:\/\/morphcube.pl\/pl\/wp-json\/wp\/v2\/product\/2926","targetHints":{"allow":["GET"]}}],"collection":[{"href":"https:\/\/morphcube.pl\/pl\/wp-json\/wp\/v2\/product"}],"about":[{"href":"https:\/\/morphcube.pl\/pl\/wp-json\/wp\/v2\/types\/product"}],"version-history":[{"count":4,"href":"https:\/\/morphcube.pl\/pl\/wp-json\/wp\/v2\/product\/2926\/revisions"}],"predecessor-version":[{"id":3086,"href":"https:\/\/morphcube.pl\/pl\/wp-json\/wp\/v2\/product\/2926\/revisions\/3086"}],"wp:featuredmedia":[{"embeddable":true,"href":"https:\/\/morphcube.pl\/pl\/wp-json\/wp\/v2\/media\/2929"}],"wp:attachment":[{"href":"https:\/\/morphcube.pl\/pl\/wp-json\/wp\/v2\/media?parent=2926"}],"wp:term":[{"taxonomy":"product_brand","embeddable":true,"href":"https:\/\/morphcube.pl\/pl\/wp-json\/wp\/v2\/product_brand?post=2926"},{"taxonomy":"product_cat","embeddable":true,"href":"https:\/\/morphcube.pl\/pl\/wp-json\/wp\/v2\/product_cat?post=2926"},{"taxonomy":"product_tag","embeddable":true,"href":"https:\/\/morphcube.pl\/pl\/wp-json\/wp\/v2\/product_tag?post=2926"}],"curies":[{"name":"wp","href":"https:\/\/api.w.org\/{rel}","templated":true}]}}