{"id":2945,"date":"2026-01-20T02:09:12","date_gmt":"2026-01-20T02:09:12","guid":{"rendered":"https:\/\/morphcube.pl\/?post_type=product&#038;p=2945"},"modified":"2026-02-09T16:28:42","modified_gmt":"2026-02-09T16:28:42","slug":"rozszerzenie-goblin-wartribes","status":"publish","type":"product","link":"https:\/\/morphcube.pl\/pl\/sklep\/kroniki-eldfall\/polnocny-wiatr\/rozszerzenie-goblin-wartribes\/","title":{"rendered":"Rozszerzenie Goblin Wartribes"},"content":{"rendered":"<p>Rozszerzenie Goblin Wartribes wprowadza do kampanii Northern Wind zorganizowane si\u0142y goblin\u00f3w, zast\u0119puj\u0105c bezmy\u015blnych wrog\u00f3w skoordynowanymi, agresywnymi przeciwnikami.<\/p>\n<p>Goblin Wartribes polegaj\u0105 na szybko\u015bci, liczebno\u015bci i taktykach zak\u0142\u00f3caj\u0105cych rozgrywk\u0119, zmuszaj\u0105c graczy do zr\u00f3wnowa\u017cenia zarz\u0105dzania zagro\u017ceniem z kontrol\u0105 cel\u00f3w. Ich obecno\u015b\u0107 dodaje nieprzewidywalno\u015bci i napi\u0119cia do star\u0107 w lochach.<\/p>\n<p><strong>To rozszerzenie:<\/strong><\/p>\n<ul>\n<li>Dodaje nowe frakcje przeciwnik\u00f3w do gry Northern Wind<\/li>\n<li>Zwi\u0119ksza r\u00f3\u017cnorodno\u015b\u0107 spotka\u0144 i regrywalno\u015b\u0107<\/li>\n<li>Ulepsza rozgrywk\u0119 kooperacyjn\u0105 i narracyjn\u0105<\/li>\n<\/ul>\n<p>Dobry wyb\u00f3r dla graczy, kt\u00f3rzy lubi\u0105 chaotyczne scenariusze oparte na presji.<\/p>","protected":false},"excerpt":{"rendered":"<p>Dynamiczna ekspansja wroga obejmuj\u0105ca bandy goblin\u00f3w, kt\u00f3re przyt\u0142aczaj\u0105 bohater\u00f3w dzi\u0119ki liczebno\u015bci, sprytowi i nieustannej presji.<\/p>","protected":false},"featured_media":2948,"template":"","meta":[],"product_brand":[60],"product_cat":[61,66],"product_tag":[],"class_list":{"0":"post-2945","1":"product","2":"type-product","3":"status-publish","4":"has-post-thumbnail","6":"product_brand-eldfall-chronicles","7":"product_cat-eldfall-chronicles","8":"product_cat-northern-wind","10":"first","11":"instock","12":"taxable","13":"shipping-taxable","14":"purchasable","15":"product-type-simple","16":"add-to-wishlist-after_add_to_cart"},"_links":{"self":[{"href":"https:\/\/morphcube.pl\/pl\/wp-json\/wp\/v2\/product\/2945","targetHints":{"allow":["GET"]}}],"collection":[{"href":"https:\/\/morphcube.pl\/pl\/wp-json\/wp\/v2\/product"}],"about":[{"href":"https:\/\/morphcube.pl\/pl\/wp-json\/wp\/v2\/types\/product"}],"version-history":[{"count":2,"href":"https:\/\/morphcube.pl\/pl\/wp-json\/wp\/v2\/product\/2945\/revisions"}],"predecessor-version":[{"id":2947,"href":"https:\/\/morphcube.pl\/pl\/wp-json\/wp\/v2\/product\/2945\/revisions\/2947"}],"wp:featuredmedia":[{"embeddable":true,"href":"https:\/\/morphcube.pl\/pl\/wp-json\/wp\/v2\/media\/2948"}],"wp:attachment":[{"href":"https:\/\/morphcube.pl\/pl\/wp-json\/wp\/v2\/media?parent=2945"}],"wp:term":[{"taxonomy":"product_brand","embeddable":true,"href":"https:\/\/morphcube.pl\/pl\/wp-json\/wp\/v2\/product_brand?post=2945"},{"taxonomy":"product_cat","embeddable":true,"href":"https:\/\/morphcube.pl\/pl\/wp-json\/wp\/v2\/product_cat?post=2945"},{"taxonomy":"product_tag","embeddable":true,"href":"https:\/\/morphcube.pl\/pl\/wp-json\/wp\/v2\/product_tag?post=2945"}],"curies":[{"name":"wp","href":"https:\/\/api.w.org\/{rel}","templated":true}]}}