{"id":2958,"date":"2026-01-20T02:19:11","date_gmt":"2026-01-20T02:19:11","guid":{"rendered":"https:\/\/morphcube.pl\/?post_type=product&#038;p=2958"},"modified":"2026-02-09T16:27:24","modified_gmt":"2026-02-09T16:27:24","slug":"oni-pariah-pack","status":"publish","type":"product","link":"https:\/\/morphcube.pl\/pl\/sklep\/kroniki-eldfall\/polnocny-wiatr\/oni-pariah-pack\/","title":{"rendered":"Pakiet Oni Pariah"},"content":{"rendered":"<p>Pakiet Oni Pariah Pack wprowadza potworn\u0105 demoniczn\u0105 si\u0142\u0119 do rozgrywki w lochach Eldfall Chronicles. Ci wyrzutkowie Oni kieruj\u0105 si\u0119 w\u015bciek\u0142o\u015bci\u0105 i instynktem, polegaj\u0105c raczej na przyt\u0142aczaj\u0105cej sile ni\u017c subtelno\u015bci.<\/p>\n<p><strong>Ten pakiet:<\/strong><\/p>\n<ul>\n<li>Wprowadza przeciwnik\u00f3w zadaj\u0105cych du\u017ce obra\u017cenia i stwarzaj\u0105cych du\u017ce zagro\u017cenie.<\/li>\n<li>Tworzy brutalne spotkania wysokiego ryzyka<\/li>\n<li>Dodaje napi\u0119cia i widowiskowo\u015bci do rozgrywki w lochach.<\/li>\n<\/ul>\n<p>Oni Pariah idealnie nadaj\u0105 si\u0119 do star\u0107 z bossami lub moment\u00f3w maj\u0105cych na celu przetestowanie wytrzyma\u0142o\u015bci i koordynacji dru\u017cyny.<\/p>","protected":false},"excerpt":{"rendered":"<p>Przera\u017caj\u0105cy pakiet przeciwnik\u00f3w Oni, kt\u00f3ry wprowadza surow\u0105 moc i brutalne wyzwania bojowe do scenariuszy Northern Wind.<\/p>","protected":false},"featured_media":2960,"template":"","meta":[],"product_brand":[60],"product_cat":[61,66],"product_tag":[],"class_list":{"0":"post-2958","1":"product","2":"type-product","3":"status-publish","4":"has-post-thumbnail","6":"product_brand-eldfall-chronicles","7":"product_cat-eldfall-chronicles","8":"product_cat-northern-wind","10":"first","11":"instock","12":"taxable","13":"shipping-taxable","14":"purchasable","15":"product-type-simple","16":"add-to-wishlist-after_add_to_cart"},"_links":{"self":[{"href":"https:\/\/morphcube.pl\/pl\/wp-json\/wp\/v2\/product\/2958","targetHints":{"allow":["GET"]}}],"collection":[{"href":"https:\/\/morphcube.pl\/pl\/wp-json\/wp\/v2\/product"}],"about":[{"href":"https:\/\/morphcube.pl\/pl\/wp-json\/wp\/v2\/types\/product"}],"version-history":[{"count":1,"href":"https:\/\/morphcube.pl\/pl\/wp-json\/wp\/v2\/product\/2958\/revisions"}],"predecessor-version":[{"id":2959,"href":"https:\/\/morphcube.pl\/pl\/wp-json\/wp\/v2\/product\/2958\/revisions\/2959"}],"wp:featuredmedia":[{"embeddable":true,"href":"https:\/\/morphcube.pl\/pl\/wp-json\/wp\/v2\/media\/2960"}],"wp:attachment":[{"href":"https:\/\/morphcube.pl\/pl\/wp-json\/wp\/v2\/media?parent=2958"}],"wp:term":[{"taxonomy":"product_brand","embeddable":true,"href":"https:\/\/morphcube.pl\/pl\/wp-json\/wp\/v2\/product_brand?post=2958"},{"taxonomy":"product_cat","embeddable":true,"href":"https:\/\/morphcube.pl\/pl\/wp-json\/wp\/v2\/product_cat?post=2958"},{"taxonomy":"product_tag","embeddable":true,"href":"https:\/\/morphcube.pl\/pl\/wp-json\/wp\/v2\/product_tag?post=2958"}],"curies":[{"name":"wp","href":"https:\/\/api.w.org\/{rel}","templated":true}]}}