{"id":2962,"date":"2026-01-20T02:24:40","date_gmt":"2026-01-20T02:24:40","guid":{"rendered":"https:\/\/morphcube.pl\/?post_type=product&#038;p=2962"},"modified":"2026-02-09T16:26:28","modified_gmt":"2026-02-09T16:26:28","slug":"oni-yaksha-pack","status":"publish","type":"product","link":"https:\/\/morphcube.pl\/pl\/sklep\/kroniki-eldfall\/polnocny-wiatr\/oni-yaksha-pack\/","title":{"rendered":"Pakiet Oni Yaksha"},"content":{"rendered":"<p>Pakiet Oni Yaksha przedstawia elitarnych wojownik\u00f3w Oni wyszkolonych zar\u00f3wno w brutalno\u015bci, jak i dyscyplinie walki. W przeciwie\u0144stwie do swoich parias\u00f3w, Yaksha \u0142\u0105cz\u0105 surow\u0105 si\u0142\u0119 z wyrachowan\u0105 agresj\u0105, co czyni ich wyj\u0105tkowo niebezpiecznymi przeciwnikami.<\/p>\n<p><strong>Ci wrogowie:<\/strong><\/p>\n<ul>\n<li>Wymagaj\u0105 precyzyjnego pozycjonowania i pracy zespo\u0142owej<\/li>\n<li>Karanie b\u0142\u0119d\u00f3w poprzez niszczycielskie kontrataki<\/li>\n<li>Ulepsz p\u00f3\u017ane kampanie i spotkania z bossami<\/li>\n<\/ul>\n<p>Pakiet Oni Yaksha jest przeznaczony dla do\u015bwiadczonych graczy szukaj\u0105cych najbardziej wymagaj\u0105cych i filmowych star\u0107 w kampanii P\u00f3\u0142nocny Wiatr.<\/p>","protected":false},"excerpt":{"rendered":"<p>Elitarni wojownicy Oni, kt\u00f3rzy \u0142\u0105cz\u0105 demoniczn\u0105 moc z dyscyplin\u0105, tworz\u0105c jednych z najniebezpieczniejszych wrog\u00f3w w Northern Wind.<\/p>","protected":false},"featured_media":2963,"template":"","meta":[],"product_brand":[60],"product_cat":[61,66],"product_tag":[],"class_list":{"0":"post-2962","1":"product","2":"type-product","3":"status-publish","4":"has-post-thumbnail","6":"product_brand-eldfall-chronicles","7":"product_cat-eldfall-chronicles","8":"product_cat-northern-wind","10":"first","11":"instock","12":"taxable","13":"shipping-taxable","14":"purchasable","15":"product-type-simple","16":"add-to-wishlist-after_add_to_cart"},"_links":{"self":[{"href":"https:\/\/morphcube.pl\/pl\/wp-json\/wp\/v2\/product\/2962","targetHints":{"allow":["GET"]}}],"collection":[{"href":"https:\/\/morphcube.pl\/pl\/wp-json\/wp\/v2\/product"}],"about":[{"href":"https:\/\/morphcube.pl\/pl\/wp-json\/wp\/v2\/types\/product"}],"version-history":[{"count":1,"href":"https:\/\/morphcube.pl\/pl\/wp-json\/wp\/v2\/product\/2962\/revisions"}],"predecessor-version":[{"id":2966,"href":"https:\/\/morphcube.pl\/pl\/wp-json\/wp\/v2\/product\/2962\/revisions\/2966"}],"wp:featuredmedia":[{"embeddable":true,"href":"https:\/\/morphcube.pl\/pl\/wp-json\/wp\/v2\/media\/2963"}],"wp:attachment":[{"href":"https:\/\/morphcube.pl\/pl\/wp-json\/wp\/v2\/media?parent=2962"}],"wp:term":[{"taxonomy":"product_brand","embeddable":true,"href":"https:\/\/morphcube.pl\/pl\/wp-json\/wp\/v2\/product_brand?post=2962"},{"taxonomy":"product_cat","embeddable":true,"href":"https:\/\/morphcube.pl\/pl\/wp-json\/wp\/v2\/product_cat?post=2962"},{"taxonomy":"product_tag","embeddable":true,"href":"https:\/\/morphcube.pl\/pl\/wp-json\/wp\/v2\/product_tag?post=2962"}],"curies":[{"name":"wp","href":"https:\/\/api.w.org\/{rel}","templated":true}]}}