{"id":2967,"date":"2026-01-20T02:30:07","date_gmt":"2026-01-20T02:30:07","guid":{"rendered":"https:\/\/morphcube.pl\/?post_type=product&#038;p=2967"},"modified":"2026-02-09T16:25:08","modified_gmt":"2026-02-09T16:25:08","slug":"wedrowcy","status":"publish","type":"product","link":"https:\/\/morphcube.pl\/pl\/sklep\/kroniki-eldfall\/pakiety-wzmacniajace\/wedrowcy\/","title":{"rendered":"W\u0119drowcy"},"content":{"rendered":"<p>Wayfarers Reinforcement Pack wprowadza grup\u0119 do\u015bwiadczonych poszukiwaczy przyg\u00f3d i specjalist\u00f3w, kt\u00f3rzy dzia\u0142aj\u0105 poza tradycyjnymi strukturami frakcji. Jako jednostki neutralne, Wayfarers mog\u0105 by\u0107 zintegrowani z wieloma frakcjami, oferuj\u0105c niezr\u00f3wnan\u0105 elastyczno\u015b\u0107 w tworzeniu zespo\u0142\u00f3w wojennych.<\/p>\n<p>W\u0119drowcy doskonale wype\u0142niaj\u0105 luki taktyczne, wspieraj\u0105 scenariusze narracyjne i umo\u017cliwiaj\u0105 kreatywne kombinacje w r\u00f3\u017cnych stylach gry. Ich elastyczna natura sprawia, \u017ce s\u0105 szczeg\u00f3lnie cenni dla graczy, kt\u00f3rzy lubi\u0105 eksperymentowa\u0107, opowiada\u0107 historie i tworzy\u0107 niestandardowe zespo\u0142y wojenne.<\/p>\n<p><strong>Ten pakiet wzmacniaj\u0105cy:<\/strong><\/p>\n<ul>\n<li>Mo\u017ce by\u0107 u\u017cywany przez wiele frakcji<\/li>\n<li>Dodaje wszechstronne i adaptowalne opcje jednostek<\/li>\n<li>Dzia\u0142a p\u0142ynnie w potyczkach, kooperacji i grze typu dungeon-crawl.<\/li>\n<\/ul>\n<p>Niezale\u017cnie od tego, czy Wayfarers s\u0105 wykorzystywani do wzmocnienia konkurencyjnego zespo\u0142u wojennego, czy te\u017c do wzbogacenia kampanii narracyjnej, wnosz\u0105 do Eldfall Chronicles osobowo\u015b\u0107, u\u017cyteczno\u015b\u0107 i taktyczn\u0105 g\u0142\u0119bi\u0119.<\/p>","protected":false},"excerpt":{"rendered":"<p>Elastyczny pakiet wzmacniaj\u0105cy zawieraj\u0105cy neutralnych poszukiwaczy przyg\u00f3d, kt\u00f3rzy mog\u0105 do\u0142\u0105czy\u0107 do wielu frakcji, dodaj\u0105c wszechstronno\u015bci i kreatywnych opcji tworzenia list.<\/p>","protected":false},"featured_media":2968,"template":"","meta":[],"product_brand":[60],"product_cat":[61,67],"product_tag":[],"class_list":{"0":"post-2967","1":"product","2":"type-product","3":"status-publish","4":"has-post-thumbnail","6":"product_brand-eldfall-chronicles","7":"product_cat-eldfall-chronicles","8":"product_cat-reinforcement-packs","10":"first","11":"instock","12":"taxable","13":"shipping-taxable","14":"purchasable","15":"product-type-simple","16":"add-to-wishlist-after_add_to_cart"},"_links":{"self":[{"href":"https:\/\/morphcube.pl\/pl\/wp-json\/wp\/v2\/product\/2967","targetHints":{"allow":["GET"]}}],"collection":[{"href":"https:\/\/morphcube.pl\/pl\/wp-json\/wp\/v2\/product"}],"about":[{"href":"https:\/\/morphcube.pl\/pl\/wp-json\/wp\/v2\/types\/product"}],"version-history":[{"count":1,"href":"https:\/\/morphcube.pl\/pl\/wp-json\/wp\/v2\/product\/2967\/revisions"}],"predecessor-version":[{"id":2975,"href":"https:\/\/morphcube.pl\/pl\/wp-json\/wp\/v2\/product\/2967\/revisions\/2975"}],"wp:featuredmedia":[{"embeddable":true,"href":"https:\/\/morphcube.pl\/pl\/wp-json\/wp\/v2\/media\/2968"}],"wp:attachment":[{"href":"https:\/\/morphcube.pl\/pl\/wp-json\/wp\/v2\/media?parent=2967"}],"wp:term":[{"taxonomy":"product_brand","embeddable":true,"href":"https:\/\/morphcube.pl\/pl\/wp-json\/wp\/v2\/product_brand?post=2967"},{"taxonomy":"product_cat","embeddable":true,"href":"https:\/\/morphcube.pl\/pl\/wp-json\/wp\/v2\/product_cat?post=2967"},{"taxonomy":"product_tag","embeddable":true,"href":"https:\/\/morphcube.pl\/pl\/wp-json\/wp\/v2\/product_tag?post=2967"}],"curies":[{"name":"wp","href":"https:\/\/api.w.org\/{rel}","templated":true}]}}