{"id":2976,"date":"2026-01-20T02:36:37","date_gmt":"2026-01-20T02:36:37","guid":{"rendered":"https:\/\/morphcube.pl\/?post_type=product&#038;p=2976"},"modified":"2026-02-09T16:24:11","modified_gmt":"2026-02-09T16:24:11","slug":"starter-frakcji","status":"publish","type":"product","link":"https:\/\/morphcube.pl\/pl\/sklep\/kroniki-eldfall\/krolestwa-piasku\/starter-frakcji\/","title":{"rendered":"Piaskowe Kr\u00f3lestwa - Starter frakcji"},"content":{"rendered":"<p>Starter frakcji Piaskowe Kr\u00f3lestwa wprowadza jedn\u0105 z najbardziej brutalnych i agresywnych si\u0142 w Eldfall Chronicles. Ukszta\u0142towane przez bezlitosne \u015brodowisko i ci\u0105g\u0142e wojny, Piaskowe Kr\u00f3lestwa polegaj\u0105 na szybko\u015bci, przywo\u0142ywaniu i przyt\u0142aczaj\u0105cej presji, aby zdominowa\u0107 pole bitwy.<\/p>\n<p>W przeciwie\u0144stwie do zdyscyplinowanych lub defensywnych frakcji, Piaskowe Kr\u00f3lestwa rozwijaj\u0105 si\u0119 dzi\u0119ki rozmachowi. Ich bandy przoduj\u0105 w szybkich atakach, taktykach zak\u0142\u00f3caj\u0105cych porz\u0105dek i uwalnianiu pot\u0119\u017cnych stworze\u0144, kt\u00f3re zmuszaj\u0105 przeciwnik\u00f3w do ci\u0105g\u0142ej reakcji.<\/p>\n<p><strong>Ten zestaw startowy frakcji zawiera:<\/strong><\/p>\n<ul>\n<li>Kompletny, w pe\u0142ni grywalny zesp\u00f3\u0142 wojenny Sand Kingdoms<\/li>\n<li>Unikalna mechanika frakcji skupiaj\u0105ca si\u0119 na agresji, mobilno\u015bci i potworach.<\/li>\n<li>Pe\u0142na kompatybilno\u015b\u0107 z potyczkami i kampaniami typu dungeon-crawl.<\/li>\n<\/ul>\n<p>Piaskowe Kr\u00f3lestwa s\u0105 szczeg\u00f3lnie skuteczne w scenariuszach zawieraj\u0105cych elementy PvE i przywo\u0142ywane jednostki, co czyni je dobrym wyborem do gry kooperacyjnej i narracyjnej. Rozszerz frakcj\u0119 za pomoc\u0105 pakiet\u00f3w wzmacniaj\u0105cych i rozszerze\u0144 stworze\u0144, aby odblokowa\u0107 jeszcze bardziej niszczycielski potencja\u0142.<\/p>","protected":false},"excerpt":{"rendered":"<p>Okrutna frakcja startowa dla Piaskowych Kr\u00f3lestw, \u0142\u0105cz\u0105ca potwory, szybko\u015b\u0107 i nieust\u0119pliw\u0105 agresj\u0119. Idealny dla graczy, kt\u00f3rzy preferuj\u0105 ofensywny styl gry.<\/p>","protected":false},"featured_media":2979,"template":"","meta":[],"product_brand":[60],"product_cat":[61,68],"product_tag":[],"class_list":{"0":"post-2976","1":"product","2":"type-product","3":"status-publish","4":"has-post-thumbnail","6":"product_brand-eldfall-chronicles","7":"product_cat-eldfall-chronicles","8":"product_cat-sand-kingdoms","10":"first","11":"outofstock","12":"taxable","13":"shipping-taxable","14":"purchasable","15":"product-type-simple","16":"add-to-wishlist-after_add_to_cart"},"_links":{"self":[{"href":"https:\/\/morphcube.pl\/pl\/wp-json\/wp\/v2\/product\/2976","targetHints":{"allow":["GET"]}}],"collection":[{"href":"https:\/\/morphcube.pl\/pl\/wp-json\/wp\/v2\/product"}],"about":[{"href":"https:\/\/morphcube.pl\/pl\/wp-json\/wp\/v2\/types\/product"}],"version-history":[{"count":4,"href":"https:\/\/morphcube.pl\/pl\/wp-json\/wp\/v2\/product\/2976\/revisions"}],"predecessor-version":[{"id":3088,"href":"https:\/\/morphcube.pl\/pl\/wp-json\/wp\/v2\/product\/2976\/revisions\/3088"}],"wp:featuredmedia":[{"embeddable":true,"href":"https:\/\/morphcube.pl\/pl\/wp-json\/wp\/v2\/media\/2979"}],"wp:attachment":[{"href":"https:\/\/morphcube.pl\/pl\/wp-json\/wp\/v2\/media?parent=2976"}],"wp:term":[{"taxonomy":"product_brand","embeddable":true,"href":"https:\/\/morphcube.pl\/pl\/wp-json\/wp\/v2\/product_brand?post=2976"},{"taxonomy":"product_cat","embeddable":true,"href":"https:\/\/morphcube.pl\/pl\/wp-json\/wp\/v2\/product_cat?post=2976"},{"taxonomy":"product_tag","embeddable":true,"href":"https:\/\/morphcube.pl\/pl\/wp-json\/wp\/v2\/product_tag?post=2976"}],"curies":[{"name":"wp","href":"https:\/\/api.w.org\/{rel}","templated":true}]}}