{"id":2982,"date":"2026-01-20T02:51:27","date_gmt":"2026-01-20T02:51:27","guid":{"rendered":"https:\/\/morphcube.pl\/?post_type=product&#038;p=2982"},"modified":"2026-04-01T10:53:25","modified_gmt":"2026-04-01T10:53:25","slug":"koalicja-theion-vs-piaszczyste-krolestwa","status":"publish","type":"product","link":"https:\/\/morphcube.pl\/pl\/sklep\/kroniki-eldfall\/zestawy-startowe-dla-dwoch-graczy\/koalicja-theion-vs-piaszczyste-krolestwa\/","title":{"rendered":"Koalicja Thenion vs Piaskowe Kr\u00f3lestwa"},"content":{"rendered":"<p>Zestaw startowy dla 2 graczy Coalition of Thenion vs Sand Kingdoms to idealny punkt wej\u015bcia do Eldfall Chronicles, oferuj\u0105cy w pe\u0142ni samodzielne do\u015bwiadczenie przeznaczone do nauki, rywalizacji i d\u0142ugoterminowego budowania kolekcji.<\/p>\n<p>Ten zestaw stawia zorganizowane i zdyscyplinowane si\u0142y Koalicji Thenion przeciwko agresywnym i potwornym Piaskowym Kr\u00f3lestwom, prezentuj\u0105c dwa kontrastuj\u0105ce ze sob\u0105 style gry, kt\u00f3re podkre\u015blaj\u0105 g\u0142\u0119bi\u0119 i elastyczno\u015b\u0107 systemu Eldfall.<\/p>\n<p><strong>Wewn\u0105trz pude\u0142ka znajduj\u0105 si\u0119:<\/strong><\/p>\n<ul>\n<li>Dwie kompletne i w pe\u0142ni grywalne frakcje<\/li>\n<li>Podstawowe zasady i uproszczone scenariusze nauki<\/li>\n<li>\u017betony, karty i wszystkie istotne elementy rozgrywki<\/li>\n<li>Zbalansowane si\u0142y gotowe do natychmiastowej potyczki<\/li>\n<\/ul>\n<p>Wszystkie figurki s\u0105 wykonane z twardego plastiku Unicool, zapewniaj\u0105cego wyj\u0105tkow\u0105 szczeg\u00f3\u0142owo\u015b\u0107 i trwa\u0142o\u015b\u0107. Zestaw jest w pe\u0142ni kompatybilny ze wszystkimi rozszerzeniami, wzmocnieniami i kampaniami narracyjnymi Eldfall Chronicles, dzi\u0119ki czemu stanowi doskona\u0142\u0105 podstaw\u0119 do przysz\u0142ego rozwoju.<\/p>","protected":false},"excerpt":{"rendered":"<p>Kompletny zestaw startowy dla dw\u00f3ch graczy do gry Eldfall Chronicles, w kt\u00f3rym zdyscyplinowana Koalicja Thenion zmierzy si\u0119 z bezwzgl\u0119dnymi Piaskowymi Kr\u00f3lestwami. Wszystko, czego potrzeba, aby natychmiast rozpocz\u0105\u0107 gr\u0119.<\/p>","protected":false},"featured_media":2985,"template":"","meta":[],"product_brand":[60],"product_cat":[61,69],"product_tag":[],"class_list":{"0":"post-2982","1":"product","2":"type-product","3":"status-publish","4":"has-post-thumbnail","6":"product_brand-eldfall-chronicles","7":"product_cat-eldfall-chronicles","8":"product_cat-two-player-starter-sets","10":"first","11":"outofstock","12":"taxable","13":"shipping-taxable","14":"purchasable","15":"product-type-simple","16":"add-to-wishlist-after_add_to_cart"},"_links":{"self":[{"href":"https:\/\/morphcube.pl\/pl\/wp-json\/wp\/v2\/product\/2982","targetHints":{"allow":["GET"]}}],"collection":[{"href":"https:\/\/morphcube.pl\/pl\/wp-json\/wp\/v2\/product"}],"about":[{"href":"https:\/\/morphcube.pl\/pl\/wp-json\/wp\/v2\/types\/product"}],"version-history":[{"count":3,"href":"https:\/\/morphcube.pl\/pl\/wp-json\/wp\/v2\/product\/2982\/revisions"}],"predecessor-version":[{"id":2990,"href":"https:\/\/morphcube.pl\/pl\/wp-json\/wp\/v2\/product\/2982\/revisions\/2990"}],"wp:featuredmedia":[{"embeddable":true,"href":"https:\/\/morphcube.pl\/pl\/wp-json\/wp\/v2\/media\/2985"}],"wp:attachment":[{"href":"https:\/\/morphcube.pl\/pl\/wp-json\/wp\/v2\/media?parent=2982"}],"wp:term":[{"taxonomy":"product_brand","embeddable":true,"href":"https:\/\/morphcube.pl\/pl\/wp-json\/wp\/v2\/product_brand?post=2982"},{"taxonomy":"product_cat","embeddable":true,"href":"https:\/\/morphcube.pl\/pl\/wp-json\/wp\/v2\/product_cat?post=2982"},{"taxonomy":"product_tag","embeddable":true,"href":"https:\/\/morphcube.pl\/pl\/wp-json\/wp\/v2\/product_tag?post=2982"}],"curies":[{"name":"wp","href":"https:\/\/api.w.org\/{rel}","templated":true}]}}