{"id":2991,"date":"2026-01-20T02:55:54","date_gmt":"2026-01-20T02:55:54","guid":{"rendered":"https:\/\/morphcube.pl\/?post_type=product&#038;p=2991"},"modified":"2026-03-29T12:40:28","modified_gmt":"2026-03-29T12:40:28","slug":"imperium-soga-vs-liga-helian","status":"publish","type":"product","link":"https:\/\/morphcube.pl\/pl\/sklep\/kroniki-eldfall\/zestawy-startowe-dla-dwoch-graczy\/imperium-soga-vs-liga-helian\/","title":{"rendered":"Imperium Sogi vs Liga Helia\u0144ska"},"content":{"rendered":"<p>Zestaw startowy dla 2 graczy Imperium Sogi kontra Liga Helian wprowadza graczy w wyrafinowane i taktyczne starcie dw\u00f3ch elitarnych frakcji w Eldfall Chronicles.<\/p>\n<p>Imperium Sogi reprezentuje wytrzyma\u0142o\u015b\u0107, honor i zdolno\u015b\u0107 adaptacji, podczas gdy Liga Helia\u0144ska wyr\u00f3\u017cnia si\u0119 szybko\u015bci\u0105, precyzj\u0105 i kontrol\u0105 pola bitwy. Razem zapewniaj\u0105 zr\u00f3wnowa\u017cone i satysfakcjonuj\u0105ce wprowadzenie do podstawowej mechaniki gry.<\/p>\n<p><strong>Ten zestaw startowy zawiera:<\/strong><\/p>\n<ul>\n<li>Dwie w pe\u0142ni grywalne frakcje z odr\u0119bnymi to\u017csamo\u015bciami<\/li>\n<li>Podstawowe zasady i kompletne elementy rozgrywki<\/li>\n<li>Karty, \u017cetony i akcesoria wymagane do gry<\/li>\n<li>Zr\u00f3wnowa\u017cone si\u0142y idealne do nauki i rywalizacji<\/li>\n<\/ul>\n<p>Zestaw wspiera rozgrywk\u0119 rywalizacyjn\u0105, kooperacyjn\u0105 i narracyjn\u0105 oraz p\u0142ynnie integruje si\u0119 z kampaniami dungeon-crawl i przysz\u0142ymi rozszerzeniami. Idealny dla graczy, kt\u00f3rzy lubi\u0105 taktyczn\u0105 g\u0142\u0119bi\u0119, czyst\u0105 mechanik\u0119 i wysokiej jako\u015bci figurki.<\/p>","protected":false},"excerpt":{"rendered":"<p>Kompletny zestaw startowy dla dw\u00f3ch graczy zawieraj\u0105cy odporne Imperium Sogi i elitarn\u0105 Lig\u0119 Helian. Zaprojektowany z my\u015bl\u0105 o taktycznych, precyzyjnych potyczkach.<\/p>","protected":false},"featured_media":2993,"template":"","meta":[],"product_brand":[60],"product_cat":[61,69],"product_tag":[],"class_list":{"0":"post-2991","1":"product","2":"type-product","3":"status-publish","4":"has-post-thumbnail","6":"product_brand-eldfall-chronicles","7":"product_cat-eldfall-chronicles","8":"product_cat-two-player-starter-sets","10":"first","11":"outofstock","12":"taxable","13":"shipping-taxable","14":"purchasable","15":"product-type-simple","16":"add-to-wishlist-after_add_to_cart"},"_links":{"self":[{"href":"https:\/\/morphcube.pl\/pl\/wp-json\/wp\/v2\/product\/2991","targetHints":{"allow":["GET"]}}],"collection":[{"href":"https:\/\/morphcube.pl\/pl\/wp-json\/wp\/v2\/product"}],"about":[{"href":"https:\/\/morphcube.pl\/pl\/wp-json\/wp\/v2\/types\/product"}],"version-history":[{"count":1,"href":"https:\/\/morphcube.pl\/pl\/wp-json\/wp\/v2\/product\/2991\/revisions"}],"predecessor-version":[{"id":2992,"href":"https:\/\/morphcube.pl\/pl\/wp-json\/wp\/v2\/product\/2991\/revisions\/2992"}],"wp:featuredmedia":[{"embeddable":true,"href":"https:\/\/morphcube.pl\/pl\/wp-json\/wp\/v2\/media\/2993"}],"wp:attachment":[{"href":"https:\/\/morphcube.pl\/pl\/wp-json\/wp\/v2\/media?parent=2991"}],"wp:term":[{"taxonomy":"product_brand","embeddable":true,"href":"https:\/\/morphcube.pl\/pl\/wp-json\/wp\/v2\/product_brand?post=2991"},{"taxonomy":"product_cat","embeddable":true,"href":"https:\/\/morphcube.pl\/pl\/wp-json\/wp\/v2\/product_cat?post=2991"},{"taxonomy":"product_tag","embeddable":true,"href":"https:\/\/morphcube.pl\/pl\/wp-json\/wp\/v2\/product_tag?post=2991"}],"curies":[{"name":"wp","href":"https:\/\/api.w.org\/{rel}","templated":true}]}}