{"id":3113,"date":"2026-04-01T13:04:35","date_gmt":"2026-04-01T13:04:35","guid":{"rendered":"https:\/\/morphcube.pl\/?post_type=product&#038;p=3113"},"modified":"2026-04-01T13:49:50","modified_gmt":"2026-04-01T13:49:50","slug":"nekomata-i-komainu","status":"publish","type":"product","link":"https:\/\/morphcube.pl\/pl\/sklep\/kroniki-eldfall\/polnocny-wiatr\/nekomata-i-komainu\/","title":{"rendered":"Nekomata i Komainu"},"content":{"rendered":"<div>Rodziny Nekomata i Komainu. M<span class=\"Y2IQFc\" lang=\"en\">modele reprezentuj\u0105ce elementy wyposa\u017cenia z gry Eldfall Chronicle North Wind<\/span><\/div>\n<div><\/div>\n<div>Zawiera:<\/div>\n<ul>\n<li>1 miniaturowa Nekomata<\/li>\n<li>1 Komainu miniatura<\/li>\n<\/ul>\n<p><em>Wszystkie figurki s\u0105 dostarczane niezmontowane i niepomalowane.<\/em><\/p>\n<p>&nbsp;<\/p>\n<p>Uwaga dotycz\u0105ca opakowania Tekst opakowania Nekomata &amp; Komainu wspomina o \u201cminiaturze i odpowiedniej karcie\u201d. Jest to b\u0142\u0105d drukarski - ten produkt zawiera tylko dwie figurki. Nekomata i Komainu s\u0105 ulepszeniami, a ich karty ulepsze\u0144 s\u0105 ju\u017c zawarte w pude\u0142ku rdzenia P\u00f3\u0142nocnego Wiatru jako cz\u0119\u015b\u0107 kampanii narracyjnej.<\/p>\n<p>&nbsp;<\/p>","protected":false},"excerpt":{"rendered":"<p>Rodziny Nekomata i Komainu. M<span class=\"Y2IQFc\" lang=\"en\">modele reprezentuj\u0105ce elementy wyposa\u017cenia z gry Eldfall Chronicle North Wind<\/span><\/p>","protected":false},"featured_media":3114,"template":"","meta":[],"product_brand":[60],"product_cat":[61,66],"product_tag":[],"class_list":{"0":"post-3113","1":"product","2":"type-product","3":"status-publish","4":"has-post-thumbnail","6":"product_brand-eldfall-chronicles","7":"product_cat-eldfall-chronicles","8":"product_cat-northern-wind","10":"first","11":"instock","12":"taxable","13":"shipping-taxable","14":"purchasable","15":"product-type-simple","16":"add-to-wishlist-after_add_to_cart"},"_links":{"self":[{"href":"https:\/\/morphcube.pl\/pl\/wp-json\/wp\/v2\/product\/3113","targetHints":{"allow":["GET"]}}],"collection":[{"href":"https:\/\/morphcube.pl\/pl\/wp-json\/wp\/v2\/product"}],"about":[{"href":"https:\/\/morphcube.pl\/pl\/wp-json\/wp\/v2\/types\/product"}],"version-history":[{"count":4,"href":"https:\/\/morphcube.pl\/pl\/wp-json\/wp\/v2\/product\/3113\/revisions"}],"predecessor-version":[{"id":3122,"href":"https:\/\/morphcube.pl\/pl\/wp-json\/wp\/v2\/product\/3113\/revisions\/3122"}],"wp:featuredmedia":[{"embeddable":true,"href":"https:\/\/morphcube.pl\/pl\/wp-json\/wp\/v2\/media\/3114"}],"wp:attachment":[{"href":"https:\/\/morphcube.pl\/pl\/wp-json\/wp\/v2\/media?parent=3113"}],"wp:term":[{"taxonomy":"product_brand","embeddable":true,"href":"https:\/\/morphcube.pl\/pl\/wp-json\/wp\/v2\/product_brand?post=3113"},{"taxonomy":"product_cat","embeddable":true,"href":"https:\/\/morphcube.pl\/pl\/wp-json\/wp\/v2\/product_cat?post=3113"},{"taxonomy":"product_tag","embeddable":true,"href":"https:\/\/morphcube.pl\/pl\/wp-json\/wp\/v2\/product_tag?post=3113"}],"curies":[{"name":"wp","href":"https:\/\/api.w.org\/{rel}","templated":true}]}}