{"id":3118,"date":"2026-04-01T13:40:11","date_gmt":"2026-04-01T13:40:11","guid":{"rendered":"https:\/\/morphcube.pl\/?post_type=product&#038;p=3118"},"modified":"2026-04-01T13:50:19","modified_gmt":"2026-04-01T13:50:19","slug":"pakiet-wzmocnien-imperialny-sztandar","status":"publish","type":"product","link":"https:\/\/morphcube.pl\/pl\/sklep\/kroniki-eldfall\/imperium-soga\/pakiet-wzmocnien-imperialny-sztandar\/","title":{"rendered":"Pakiet posi\u0142k\u00f3w - Sztandar Imperialny"},"content":{"rendered":"<p data-end=\"1135\" data-start=\"940\">Dowodzenie na polu bitwy dzi\u0119ki dyscyplinie, formacji i stali. The <strong>Sztandar Imperialny<\/strong> Reinforcements Pack wzmacnia Imperium dzi\u0119ki nowej odporno\u015bci, sprawno\u015bci bojowej i niezachwianej sile obronnej.<\/p>\n<p data-end=\"1135\" data-start=\"940\">Niezale\u017cnie od tego, czy jeste\u015b weteranem rozszerzaj\u0105cym swoje opcje sk\u0142adu, czy nowym graczem szukaj\u0105cym \u0142atwego sposobu na rozpocz\u0119cie gry, ten zestaw oferuje wszechstronne trio nowych figurek, kt\u00f3re wzmocni\u0105 twoje si\u0142y.<\/p>\n<h4 data-end=\"196\" data-start=\"146\"><em data-end=\"196\" data-start=\"150\">CO TE WZMOCNIENIA DODAJ\u0104 DO TWOICH SI\u0141:<\/em><\/h4>\n<ul data-end=\"745\" data-start=\"197\">\n<li data-end=\"390\" data-start=\"197\">\n<p data-end=\"320\" data-start=\"117\"><strong>Wytrzyma\u0142o\u015b\u0107 na linii frontu i kontrola w terenie:<\/strong> Wielka Gwardia s\u0142u\u017cy jako elitarna kotwica obronna i pot\u0119\u017cny alternatywny kandydat na lidera, zdolny do powstrzymywania natar\u0107 wroga, zabezpieczania wa\u017cnych cel\u00f3w, a nawet zapewniania regeneracji P\u017b.<\/p>\n<\/li>\n<li data-end=\"390\" data-start=\"197\">\n<p data-end=\"320\" data-start=\"117\"><strong>Wszechstronno\u015b\u0107 bojowa: <\/strong>Ka\u017cda jednostka jest wytrzyma\u0142a sama w sobie, co pozwala im dzia\u0142a\u0107 niezale\u017cnie lub jako sp\u00f3jna formacja. Zestaw jest wyj\u0105tkowo zbalansowany, wyposa\u017cony w narz\u0119dzia do walki wr\u0119cz i na dystans, a tak\u017ce wspomagaj\u0105ce efekty lecznicze i wzmacniaj\u0105ce.<\/p>\n<\/li>\n<li data-end=\"390\" data-start=\"197\">\n<p data-end=\"320\" data-start=\"117\"><strong>Trwa\u0142a odporno\u015b\u0107 i regeneracja:<\/strong> Zar\u00f3wno Uczony, jak i Wielka Gwardia oferuj\u0105 rzadkie ulepszenia w zakresie leczenia, obrony i wytrzyma\u0142o\u015bci, wzmacniaj\u0105c wszystkich wojownik\u00f3w i utrzymuj\u0105c presj\u0119 nawet podczas d\u0142ugotrwa\u0142ych star\u0107.<\/p>\n<\/li>\n<\/ul>\n<p data-end=\"1211\" data-start=\"1137\"><strong data-end=\"1209\" data-start=\"1137\">Zawiera trzy zupe\u0142nie nowe figurki, ka\u017cda z w\u0142asn\u0105 kart\u0105 profilu:<\/strong><\/p>\n<ul>\n<li data-end=\"1211\" data-start=\"1137\"><strong>Great Guard\u00a0<\/strong>- Elitarny wojownik defensywny i wyj\u0105tkowo wytrzyma\u0142y kandydat na przyw\u00f3dc\u0119. Ci\u0119\u017cko opancerzony i zdolny do samodzielnego zwi\u0105zania wielu wrog\u00f3w.<\/li>\n<li data-end=\"1211\" data-start=\"1137\"><strong>Bushi Attendant\u00a0<\/strong>- Aspirant wojownika wyszkolony zar\u00f3wno w \u0142ucznictwie, jak i szermierce. Wszechstronni i dobrze opancerzeni, wspieraj\u0105 awangard\u0119 zar\u00f3wno w walce wr\u0119cz, jak i na dystans.<\/li>\n<li data-end=\"1211\" data-start=\"1137\"><strong>Uczony prawdziwego s\u0142owa\u00a0<\/strong>- W\u0119drowny mnich najemnik*, oddany staro\u017cytnym naukom i magii regeneracyjnej. Niezwykle odporni jak na zaklinaczy, specjalizuj\u0105 si\u0119 w leczeniu, wzmacnianiu i leczeniu szkodliwych efekt\u00f3w.<\/li>\n<\/ul>\n<p data-end=\"1415\" data-start=\"1366\"><em>*Najemnicy mog\u0105 by\u0107 rekrutowani przez inne frakcje.<\/em><\/p>\n<p data-start=\"1473\" data-end=\"1641\"><em>Wszystkie figurki s\u0105 dostarczane niezmontowane i niepomalowane.<\/em><\/p>","protected":false},"excerpt":{"rendered":"<p>Dowodzenie na polu bitwy dzi\u0119ki dyscyplinie, formacji i stali. The <strong>Sztandar Imperialny<\/strong> Reinforcements Pack wzmacnia Imperium dzi\u0119ki nowej odporno\u015bci, sprawno\u015bci bojowej i niezachwianej sile obronnej.<\/p>","protected":false},"featured_media":3119,"template":"","meta":[],"product_brand":[60],"product_cat":[61,64,67],"product_tag":[],"class_list":{"0":"post-3118","1":"product","2":"type-product","3":"status-publish","4":"has-post-thumbnail","6":"product_brand-eldfall-chronicles","7":"product_cat-eldfall-chronicles","8":"product_cat-empire-of-soga","9":"product_cat-reinforcement-packs","11":"first","12":"instock","13":"taxable","14":"shipping-taxable","15":"purchasable","16":"product-type-simple","17":"add-to-wishlist-after_add_to_cart"},"_links":{"self":[{"href":"https:\/\/morphcube.pl\/pl\/wp-json\/wp\/v2\/product\/3118","targetHints":{"allow":["GET"]}}],"collection":[{"href":"https:\/\/morphcube.pl\/pl\/wp-json\/wp\/v2\/product"}],"about":[{"href":"https:\/\/morphcube.pl\/pl\/wp-json\/wp\/v2\/types\/product"}],"version-history":[{"count":1,"href":"https:\/\/morphcube.pl\/pl\/wp-json\/wp\/v2\/product\/3118\/revisions"}],"predecessor-version":[{"id":3121,"href":"https:\/\/morphcube.pl\/pl\/wp-json\/wp\/v2\/product\/3118\/revisions\/3121"}],"wp:featuredmedia":[{"embeddable":true,"href":"https:\/\/morphcube.pl\/pl\/wp-json\/wp\/v2\/media\/3119"}],"wp:attachment":[{"href":"https:\/\/morphcube.pl\/pl\/wp-json\/wp\/v2\/media?parent=3118"}],"wp:term":[{"taxonomy":"product_brand","embeddable":true,"href":"https:\/\/morphcube.pl\/pl\/wp-json\/wp\/v2\/product_brand?post=3118"},{"taxonomy":"product_cat","embeddable":true,"href":"https:\/\/morphcube.pl\/pl\/wp-json\/wp\/v2\/product_cat?post=3118"},{"taxonomy":"product_tag","embeddable":true,"href":"https:\/\/morphcube.pl\/pl\/wp-json\/wp\/v2\/product_tag?post=3118"}],"curies":[{"name":"wp","href":"https:\/\/api.w.org\/{rel}","templated":true}]}}